{"id":1049,"date":"2024-10-09T08:51:06","date_gmt":"2024-10-09T06:51:06","guid":{"rendered":"https:\/\/tree-elements.com\/?page_id=1049"},"modified":"2024-10-30T13:51:57","modified_gmt":"2024-10-30T12:51:57","slug":"vjencanja","status":"publish","type":"page","link":"https:\/\/tree-elements.com\/hr\/vjencanja\/","title":{"rendered":"Vjen\u010danja"},"content":{"rendered":"<p>Tree Elements savr\u0161ena je lokacija za vjen\u010danje u \u0161umi koje \u0107e va\u0161 poseban dan pretvoriti u bajku. \u0160umska oaza smje\u0161tena je na mirnom mjestu, pru\u017eaju\u0107i potpunu privatnost. Svojom jedinstvenom lokacijom nudi idealno okru\u017eenje za stvaranje nezaboravnih uspomena.<\/p>\n<p>Vjen\u010danje u \u0161umi pru\u017ea jedinstvenu kombinaciju prirodne ljepote, intime i privatnosti. Na\u0161a \u0161umska lokacija, smje\u0161tena u neposrednoj blizini Rastoka i Slunja, nudi \u010darobnu prirodnu pozadinu koja \u0107e va\u0161em vjen\u010danju dati dozu bajkovitosti. Udaljeni od gradske vreve, mo\u017eete u\u017eivati u intimnoj atmosferi koja vam i va\u0161im gostima osigurava potpunu privatnost. Osim toga, prekrasan zeleni ambijent Tree Elements retreata dodatno nagla\u0161ava ljepotu va\u0161eg vjen\u010danja, stvaraju\u0107i nezaboravne uspomene.<\/p>\n","protected":false},"excerpt":{"rendered":"<p>Tree Elements savr\u0161ena je lokacija za vjen\u010danje u \u0161umi koje \u0107e va\u0161 poseban dan pretvoriti u bajku. \u0160umska oaza smje\u0161tena je na mirnom mjestu, pru\u017eaju\u0107i potpunu privatnost. Svojom jedinstvenom lokacijom nudi idealno okru\u017eenje za stvaranje nezaboravnih uspomena. Vjen\u010danje u \u0161umi pru\u017ea jedinstvenu kombinaciju prirodne ljepote, intime i privatnosti. Na\u0161a \u0161umska lokacija, smje\u0161tena u neposrednoj blizini [&#8230;]<\/p>\n<p><a class=\"btn btn-secondary virtualna-read-more-link\" href=\"https:\/\/tree-elements.com\/hr\/vjencanja\/\">Read More&#8230;<span class=\"screen-reader-text\"> from Vjen\u010danja<\/span><\/a><\/p>\n","protected":false},"author":1,"featured_media":514,"parent":0,"menu_order":0,"comment_status":"closed","ping_status":"closed","template":"page-templates\/accomodation.php","meta":{"_acf_changed":false,"footnotes":""},"class_list":["post-1049","page","type-page","status-publish","has-post-thumbnail","hentry"],"acf":[],"yoast_head":"<!-- This site is optimized with the Yoast SEO plugin v25.5 - https:\/\/yoast.com\/wordpress\/plugins\/seo\/ -->\n<title>Vjen\u010danja - Tree Elements<\/title>\n<meta name=\"description\" content=\"Tree Elements savr\u0161ena je lokacija za intimno vjen\u010danje na otvorenom i potpunu privatnost za do 50 gostiju.\" \/>\n<meta name=\"robots\" content=\"index, follow, max-snippet:-1, max-image-preview:large, max-video-preview:-1\" \/>\n<link rel=\"canonical\" href=\"https:\/\/tree-elements.com\/hr\/vjencanja\/\" \/>\n<meta property=\"og:locale\" content=\"hr_HR\" \/>\n<meta property=\"og:type\" content=\"article\" \/>\n<meta property=\"og:title\" content=\"Vjen\u010danja - Tree Elements\" \/>\n<meta property=\"og:description\" content=\"Tree Elements savr\u0161ena je lokacija za intimno vjen\u010danje na otvorenom i potpunu privatnost za do 50 gostiju.\" \/>\n<meta property=\"og:url\" content=\"https:\/\/tree-elements.com\/hr\/vjencanja\/\" \/>\n<meta property=\"og:site_name\" content=\"Tree Elements\" \/>\n<meta property=\"article:publisher\" content=\"https:\/\/www.facebook.com\/treelements\" \/>\n<meta property=\"article:modified_time\" content=\"2024-10-30T12:51:57+00:00\" \/>\n<meta property=\"og:image\" content=\"https:\/\/tree-elements.com\/wp-content\/uploads\/2024\/03\/Rectangle-20.png\" \/>\n\t<meta property=\"og:image:width\" content=\"1920\" \/>\n\t<meta property=\"og:image:height\" content=\"552\" \/>\n\t<meta property=\"og:image:type\" content=\"image\/png\" \/>\n<meta name=\"twitter:card\" content=\"summary_large_image\" \/>\n<meta name=\"twitter:label1\" content=\"Procijenjeno vrijeme \u010ditanja\" \/>\n\t<meta name=\"twitter:data1\" content=\"1 minuta\" \/>\n<script type=\"application\/ld+json\" class=\"yoast-schema-graph\">{\"@context\":\"https:\/\/schema.org\",\"@graph\":[{\"@type\":\"WebPage\",\"@id\":\"https:\/\/tree-elements.com\/hr\/vjencanja\/\",\"url\":\"https:\/\/tree-elements.com\/hr\/vjencanja\/\",\"name\":\"Vjen\u010danja - Tree Elements\",\"isPartOf\":{\"@id\":\"https:\/\/tree-elements.com\/#website\"},\"primaryImageOfPage\":{\"@id\":\"https:\/\/tree-elements.com\/hr\/vjencanja\/#primaryimage\"},\"image\":{\"@id\":\"https:\/\/tree-elements.com\/hr\/vjencanja\/#primaryimage\"},\"thumbnailUrl\":\"https:\/\/tree-elements.com\/wp-content\/uploads\/2024\/03\/Rectangle-20.png\",\"datePublished\":\"2024-10-09T06:51:06+00:00\",\"dateModified\":\"2024-10-30T12:51:57+00:00\",\"description\":\"Tree Elements savr\u0161ena je lokacija za intimno vjen\u010danje na otvorenom i potpunu privatnost za do 50 gostiju.\",\"breadcrumb\":{\"@id\":\"https:\/\/tree-elements.com\/hr\/vjencanja\/#breadcrumb\"},\"inLanguage\":\"hr\",\"potentialAction\":[{\"@type\":\"ReadAction\",\"target\":[\"https:\/\/tree-elements.com\/hr\/vjencanja\/\"]}]},{\"@type\":\"ImageObject\",\"inLanguage\":\"hr\",\"@id\":\"https:\/\/tree-elements.com\/hr\/vjencanja\/#primaryimage\",\"url\":\"https:\/\/tree-elements.com\/wp-content\/uploads\/2024\/03\/Rectangle-20.png\",\"contentUrl\":\"https:\/\/tree-elements.com\/wp-content\/uploads\/2024\/03\/Rectangle-20.png\",\"width\":1920,\"height\":552},{\"@type\":\"BreadcrumbList\",\"@id\":\"https:\/\/tree-elements.com\/hr\/vjencanja\/#breadcrumb\",\"itemListElement\":[{\"@type\":\"ListItem\",\"position\":1,\"name\":\"Home\",\"item\":\"https:\/\/tree-elements.com\/hr\/\"},{\"@type\":\"ListItem\",\"position\":2,\"name\":\"Vjen\u010danja\"}]},{\"@type\":\"WebSite\",\"@id\":\"https:\/\/tree-elements.com\/#website\",\"url\":\"https:\/\/tree-elements.com\/\",\"name\":\"Tree Elements\",\"description\":\"\",\"publisher\":{\"@id\":\"https:\/\/tree-elements.com\/#organization\"},\"potentialAction\":[{\"@type\":\"SearchAction\",\"target\":{\"@type\":\"EntryPoint\",\"urlTemplate\":\"https:\/\/tree-elements.com\/?s={search_term_string}\"},\"query-input\":{\"@type\":\"PropertyValueSpecification\",\"valueRequired\":true,\"valueName\":\"search_term_string\"}}],\"inLanguage\":\"hr\"},{\"@type\":\"Organization\",\"@id\":\"https:\/\/tree-elements.com\/#organization\",\"name\":\"Tree Elements\",\"url\":\"https:\/\/tree-elements.com\/\",\"logo\":{\"@type\":\"ImageObject\",\"inLanguage\":\"hr\",\"@id\":\"https:\/\/tree-elements.com\/#\/schema\/logo\/image\/\",\"url\":\"https:\/\/tree-elements.com\/wp-content\/uploads\/2024\/03\/tree-elements-favicon.png\",\"contentUrl\":\"https:\/\/tree-elements.com\/wp-content\/uploads\/2024\/03\/tree-elements-favicon.png\",\"width\":64,\"height\":64,\"caption\":\"Tree Elements\"},\"image\":{\"@id\":\"https:\/\/tree-elements.com\/#\/schema\/logo\/image\/\"},\"sameAs\":[\"https:\/\/www.facebook.com\/treelements\",\"https:\/\/www.instagram.com\/tree.elements\/?hl=hr\"]}]}<\/script>\n<!-- \/ Yoast SEO plugin. -->","yoast_head_json":{"title":"Vjen\u010danja - Tree Elements","description":"Tree Elements savr\u0161ena je lokacija za intimno vjen\u010danje na otvorenom i potpunu privatnost za do 50 gostiju.","robots":{"index":"index","follow":"follow","max-snippet":"max-snippet:-1","max-image-preview":"max-image-preview:large","max-video-preview":"max-video-preview:-1"},"canonical":"https:\/\/tree-elements.com\/hr\/vjencanja\/","og_locale":"hr_HR","og_type":"article","og_title":"Vjen\u010danja - Tree Elements","og_description":"Tree Elements savr\u0161ena je lokacija za intimno vjen\u010danje na otvorenom i potpunu privatnost za do 50 gostiju.","og_url":"https:\/\/tree-elements.com\/hr\/vjencanja\/","og_site_name":"Tree Elements","article_publisher":"https:\/\/www.facebook.com\/treelements","article_modified_time":"2024-10-30T12:51:57+00:00","og_image":[{"width":1920,"height":552,"url":"https:\/\/tree-elements.com\/wp-content\/uploads\/2024\/03\/Rectangle-20.png","type":"image\/png"}],"twitter_card":"summary_large_image","twitter_misc":{"Procijenjeno vrijeme \u010ditanja":"1 minuta"},"schema":{"@context":"https:\/\/schema.org","@graph":[{"@type":"WebPage","@id":"https:\/\/tree-elements.com\/hr\/vjencanja\/","url":"https:\/\/tree-elements.com\/hr\/vjencanja\/","name":"Vjen\u010danja - Tree Elements","isPartOf":{"@id":"https:\/\/tree-elements.com\/#website"},"primaryImageOfPage":{"@id":"https:\/\/tree-elements.com\/hr\/vjencanja\/#primaryimage"},"image":{"@id":"https:\/\/tree-elements.com\/hr\/vjencanja\/#primaryimage"},"thumbnailUrl":"https:\/\/tree-elements.com\/wp-content\/uploads\/2024\/03\/Rectangle-20.png","datePublished":"2024-10-09T06:51:06+00:00","dateModified":"2024-10-30T12:51:57+00:00","description":"Tree Elements savr\u0161ena je lokacija za intimno vjen\u010danje na otvorenom i potpunu privatnost za do 50 gostiju.","breadcrumb":{"@id":"https:\/\/tree-elements.com\/hr\/vjencanja\/#breadcrumb"},"inLanguage":"hr","potentialAction":[{"@type":"ReadAction","target":["https:\/\/tree-elements.com\/hr\/vjencanja\/"]}]},{"@type":"ImageObject","inLanguage":"hr","@id":"https:\/\/tree-elements.com\/hr\/vjencanja\/#primaryimage","url":"https:\/\/tree-elements.com\/wp-content\/uploads\/2024\/03\/Rectangle-20.png","contentUrl":"https:\/\/tree-elements.com\/wp-content\/uploads\/2024\/03\/Rectangle-20.png","width":1920,"height":552},{"@type":"BreadcrumbList","@id":"https:\/\/tree-elements.com\/hr\/vjencanja\/#breadcrumb","itemListElement":[{"@type":"ListItem","position":1,"name":"Home","item":"https:\/\/tree-elements.com\/hr\/"},{"@type":"ListItem","position":2,"name":"Vjen\u010danja"}]},{"@type":"WebSite","@id":"https:\/\/tree-elements.com\/#website","url":"https:\/\/tree-elements.com\/","name":"Tree Elements","description":"","publisher":{"@id":"https:\/\/tree-elements.com\/#organization"},"potentialAction":[{"@type":"SearchAction","target":{"@type":"EntryPoint","urlTemplate":"https:\/\/tree-elements.com\/?s={search_term_string}"},"query-input":{"@type":"PropertyValueSpecification","valueRequired":true,"valueName":"search_term_string"}}],"inLanguage":"hr"},{"@type":"Organization","@id":"https:\/\/tree-elements.com\/#organization","name":"Tree Elements","url":"https:\/\/tree-elements.com\/","logo":{"@type":"ImageObject","inLanguage":"hr","@id":"https:\/\/tree-elements.com\/#\/schema\/logo\/image\/","url":"https:\/\/tree-elements.com\/wp-content\/uploads\/2024\/03\/tree-elements-favicon.png","contentUrl":"https:\/\/tree-elements.com\/wp-content\/uploads\/2024\/03\/tree-elements-favicon.png","width":64,"height":64,"caption":"Tree Elements"},"image":{"@id":"https:\/\/tree-elements.com\/#\/schema\/logo\/image\/"},"sameAs":["https:\/\/www.facebook.com\/treelements","https:\/\/www.instagram.com\/tree.elements\/?hl=hr"]}]}},"_links":{"self":[{"href":"https:\/\/tree-elements.com\/hr\/wp-json\/wp\/v2\/pages\/1049","targetHints":{"allow":["GET"]}}],"collection":[{"href":"https:\/\/tree-elements.com\/hr\/wp-json\/wp\/v2\/pages"}],"about":[{"href":"https:\/\/tree-elements.com\/hr\/wp-json\/wp\/v2\/types\/page"}],"author":[{"embeddable":true,"href":"https:\/\/tree-elements.com\/hr\/wp-json\/wp\/v2\/users\/1"}],"replies":[{"embeddable":true,"href":"https:\/\/tree-elements.com\/hr\/wp-json\/wp\/v2\/comments?post=1049"}],"version-history":[{"count":7,"href":"https:\/\/tree-elements.com\/hr\/wp-json\/wp\/v2\/pages\/1049\/revisions"}],"predecessor-version":[{"id":1123,"href":"https:\/\/tree-elements.com\/hr\/wp-json\/wp\/v2\/pages\/1049\/revisions\/1123"}],"wp:featuredmedia":[{"embeddable":true,"href":"https:\/\/tree-elements.com\/hr\/wp-json\/wp\/v2\/media\/514"}],"wp:attachment":[{"href":"https:\/\/tree-elements.com\/hr\/wp-json\/wp\/v2\/media?parent=1049"}],"curies":[{"name":"wp","href":"https:\/\/api.w.org\/{rel}","templated":true}]}}