{"id":1125,"date":"2024-10-30T13:28:19","date_gmt":"2024-10-30T12:28:19","guid":{"rendered":"https:\/\/tree-elements.com\/teambuildings\/"},"modified":"2024-11-06T13:33:39","modified_gmt":"2024-11-06T12:33:39","slug":"teambuilding","status":"publish","type":"page","link":"https:\/\/tree-elements.com\/hr\/teambuilding\/","title":{"rendered":"Teambuilding"},"content":{"rendered":"<p>Tree Elements je idealan izbor ako tra\u017eite savr\u0161enu lokaciju za aktivan i <strong>zabavan teambuilding<\/strong> s va\u0161im zaposlenicima, poslovnim partnerima ili kolegama. Smje\u0161teni u prekrasnom prirodnom okru\u017eenju <strong>blizu Rastoka i Slunja<\/strong>, oja\u010dajte timski duh i komunikaciju kroz razne aktivnosti.<br \/>Organizirajte nezaboravan teambuilding u prirodi, s naglaskom na prirodne ljepote i avanturisti\u010dke aktivnosti koje \u0107e zbli\u017eiti va\u0161 tim. Na\u0161a jedinstvena \u0161umska oaza pru\u017ea savr\u0161en ambijent za opu\u0161tanje i izgradnju timskog duha. <\/p>\n","protected":false},"excerpt":{"rendered":"<p>Tree Elements je idealan izbor ako tra\u017eite savr\u0161enu lokaciju za aktivan i zabavan teambuilding s va\u0161im zaposlenicima, poslovnim partnerima ili kolegama. Smje\u0161teni u prekrasnom prirodnom okru\u017eenju blizu Rastoka i Slunja, oja\u010dajte timski duh i komunikaciju kroz razne aktivnosti.Organizirajte nezaboravan teambuilding u prirodi, s naglaskom na prirodne ljepote i avanturisti\u010dke aktivnosti koje \u0107e zbli\u017eiti va\u0161 tim. [&#8230;]<\/p>\n<p><a class=\"btn btn-secondary virtualna-read-more-link\" href=\"https:\/\/tree-elements.com\/hr\/teambuilding\/\">Read More&#8230;<span class=\"screen-reader-text\"> from Teambuilding<\/span><\/a><\/p>\n","protected":false},"author":1,"featured_media":514,"parent":0,"menu_order":0,"comment_status":"closed","ping_status":"closed","template":"page-templates\/accomodation.php","meta":{"_acf_changed":false,"footnotes":""},"class_list":["post-1125","page","type-page","status-publish","has-post-thumbnail","hentry"],"acf":[],"yoast_head":"<!-- This site is optimized with the Yoast SEO plugin v25.5 - https:\/\/yoast.com\/wordpress\/plugins\/seo\/ -->\n<title>Teambuilding - Tree Elements<\/title>\n<meta name=\"description\" content=\"Organizirajte teambuilding za svoj tim u Tree Elementsu. U\u017eivajte u radionicama, prezentacijama, vo\u017enji kajakom, paintballu i ziplineu.\" \/>\n<meta name=\"robots\" content=\"index, follow, max-snippet:-1, max-image-preview:large, max-video-preview:-1\" \/>\n<link rel=\"canonical\" href=\"https:\/\/tree-elements.com\/hr\/teambuilding\/\" \/>\n<meta property=\"og:locale\" content=\"hr_HR\" \/>\n<meta property=\"og:type\" content=\"article\" \/>\n<meta property=\"og:title\" content=\"Teambuilding - Tree Elements\" \/>\n<meta property=\"og:description\" content=\"Organizirajte teambuilding za svoj tim u Tree Elementsu. U\u017eivajte u radionicama, prezentacijama, vo\u017enji kajakom, paintballu i ziplineu.\" \/>\n<meta property=\"og:url\" content=\"https:\/\/tree-elements.com\/hr\/teambuilding\/\" \/>\n<meta property=\"og:site_name\" content=\"Tree Elements\" \/>\n<meta property=\"article:publisher\" content=\"https:\/\/www.facebook.com\/treelements\" \/>\n<meta property=\"article:modified_time\" content=\"2024-11-06T12:33:39+00:00\" \/>\n<meta property=\"og:image\" content=\"https:\/\/tree-elements.com\/wp-content\/uploads\/2024\/03\/Rectangle-20.png\" \/>\n\t<meta property=\"og:image:width\" content=\"1920\" \/>\n\t<meta property=\"og:image:height\" content=\"552\" \/>\n\t<meta property=\"og:image:type\" content=\"image\/png\" \/>\n<meta name=\"twitter:card\" content=\"summary_large_image\" \/>\n<meta name=\"twitter:label1\" content=\"Procijenjeno vrijeme \u010ditanja\" \/>\n\t<meta name=\"twitter:data1\" content=\"1 minuta\" \/>\n<script type=\"application\/ld+json\" class=\"yoast-schema-graph\">{\"@context\":\"https:\/\/schema.org\",\"@graph\":[{\"@type\":\"WebPage\",\"@id\":\"https:\/\/tree-elements.com\/hr\/teambuilding\/\",\"url\":\"https:\/\/tree-elements.com\/hr\/teambuilding\/\",\"name\":\"Teambuilding - Tree Elements\",\"isPartOf\":{\"@id\":\"https:\/\/tree-elements.com\/#website\"},\"primaryImageOfPage\":{\"@id\":\"https:\/\/tree-elements.com\/hr\/teambuilding\/#primaryimage\"},\"image\":{\"@id\":\"https:\/\/tree-elements.com\/hr\/teambuilding\/#primaryimage\"},\"thumbnailUrl\":\"https:\/\/tree-elements.com\/wp-content\/uploads\/2024\/03\/Rectangle-20.png\",\"datePublished\":\"2024-10-30T12:28:19+00:00\",\"dateModified\":\"2024-11-06T12:33:39+00:00\",\"description\":\"Organizirajte teambuilding za svoj tim u Tree Elementsu. U\u017eivajte u radionicama, prezentacijama, vo\u017enji kajakom, paintballu i ziplineu.\",\"breadcrumb\":{\"@id\":\"https:\/\/tree-elements.com\/hr\/teambuilding\/#breadcrumb\"},\"inLanguage\":\"hr\",\"potentialAction\":[{\"@type\":\"ReadAction\",\"target\":[\"https:\/\/tree-elements.com\/hr\/teambuilding\/\"]}]},{\"@type\":\"ImageObject\",\"inLanguage\":\"hr\",\"@id\":\"https:\/\/tree-elements.com\/hr\/teambuilding\/#primaryimage\",\"url\":\"https:\/\/tree-elements.com\/wp-content\/uploads\/2024\/03\/Rectangle-20.png\",\"contentUrl\":\"https:\/\/tree-elements.com\/wp-content\/uploads\/2024\/03\/Rectangle-20.png\",\"width\":1920,\"height\":552},{\"@type\":\"BreadcrumbList\",\"@id\":\"https:\/\/tree-elements.com\/hr\/teambuilding\/#breadcrumb\",\"itemListElement\":[{\"@type\":\"ListItem\",\"position\":1,\"name\":\"Home\",\"item\":\"https:\/\/tree-elements.com\/hr\/\"},{\"@type\":\"ListItem\",\"position\":2,\"name\":\"Teambuilding\"}]},{\"@type\":\"WebSite\",\"@id\":\"https:\/\/tree-elements.com\/#website\",\"url\":\"https:\/\/tree-elements.com\/\",\"name\":\"Tree Elements\",\"description\":\"\",\"publisher\":{\"@id\":\"https:\/\/tree-elements.com\/#organization\"},\"potentialAction\":[{\"@type\":\"SearchAction\",\"target\":{\"@type\":\"EntryPoint\",\"urlTemplate\":\"https:\/\/tree-elements.com\/?s={search_term_string}\"},\"query-input\":{\"@type\":\"PropertyValueSpecification\",\"valueRequired\":true,\"valueName\":\"search_term_string\"}}],\"inLanguage\":\"hr\"},{\"@type\":\"Organization\",\"@id\":\"https:\/\/tree-elements.com\/#organization\",\"name\":\"Tree Elements\",\"url\":\"https:\/\/tree-elements.com\/\",\"logo\":{\"@type\":\"ImageObject\",\"inLanguage\":\"hr\",\"@id\":\"https:\/\/tree-elements.com\/#\/schema\/logo\/image\/\",\"url\":\"https:\/\/tree-elements.com\/wp-content\/uploads\/2024\/03\/tree-elements-favicon.png\",\"contentUrl\":\"https:\/\/tree-elements.com\/wp-content\/uploads\/2024\/03\/tree-elements-favicon.png\",\"width\":64,\"height\":64,\"caption\":\"Tree Elements\"},\"image\":{\"@id\":\"https:\/\/tree-elements.com\/#\/schema\/logo\/image\/\"},\"sameAs\":[\"https:\/\/www.facebook.com\/treelements\",\"https:\/\/www.instagram.com\/tree.elements\/?hl=hr\"]}]}<\/script>\n<!-- \/ Yoast SEO plugin. -->","yoast_head_json":{"title":"Teambuilding - Tree Elements","description":"Organizirajte teambuilding za svoj tim u Tree Elementsu. U\u017eivajte u radionicama, prezentacijama, vo\u017enji kajakom, paintballu i ziplineu.","robots":{"index":"index","follow":"follow","max-snippet":"max-snippet:-1","max-image-preview":"max-image-preview:large","max-video-preview":"max-video-preview:-1"},"canonical":"https:\/\/tree-elements.com\/hr\/teambuilding\/","og_locale":"hr_HR","og_type":"article","og_title":"Teambuilding - Tree Elements","og_description":"Organizirajte teambuilding za svoj tim u Tree Elementsu. U\u017eivajte u radionicama, prezentacijama, vo\u017enji kajakom, paintballu i ziplineu.","og_url":"https:\/\/tree-elements.com\/hr\/teambuilding\/","og_site_name":"Tree Elements","article_publisher":"https:\/\/www.facebook.com\/treelements","article_modified_time":"2024-11-06T12:33:39+00:00","og_image":[{"width":1920,"height":552,"url":"https:\/\/tree-elements.com\/wp-content\/uploads\/2024\/03\/Rectangle-20.png","type":"image\/png"}],"twitter_card":"summary_large_image","twitter_misc":{"Procijenjeno vrijeme \u010ditanja":"1 minuta"},"schema":{"@context":"https:\/\/schema.org","@graph":[{"@type":"WebPage","@id":"https:\/\/tree-elements.com\/hr\/teambuilding\/","url":"https:\/\/tree-elements.com\/hr\/teambuilding\/","name":"Teambuilding - Tree Elements","isPartOf":{"@id":"https:\/\/tree-elements.com\/#website"},"primaryImageOfPage":{"@id":"https:\/\/tree-elements.com\/hr\/teambuilding\/#primaryimage"},"image":{"@id":"https:\/\/tree-elements.com\/hr\/teambuilding\/#primaryimage"},"thumbnailUrl":"https:\/\/tree-elements.com\/wp-content\/uploads\/2024\/03\/Rectangle-20.png","datePublished":"2024-10-30T12:28:19+00:00","dateModified":"2024-11-06T12:33:39+00:00","description":"Organizirajte teambuilding za svoj tim u Tree Elementsu. U\u017eivajte u radionicama, prezentacijama, vo\u017enji kajakom, paintballu i ziplineu.","breadcrumb":{"@id":"https:\/\/tree-elements.com\/hr\/teambuilding\/#breadcrumb"},"inLanguage":"hr","potentialAction":[{"@type":"ReadAction","target":["https:\/\/tree-elements.com\/hr\/teambuilding\/"]}]},{"@type":"ImageObject","inLanguage":"hr","@id":"https:\/\/tree-elements.com\/hr\/teambuilding\/#primaryimage","url":"https:\/\/tree-elements.com\/wp-content\/uploads\/2024\/03\/Rectangle-20.png","contentUrl":"https:\/\/tree-elements.com\/wp-content\/uploads\/2024\/03\/Rectangle-20.png","width":1920,"height":552},{"@type":"BreadcrumbList","@id":"https:\/\/tree-elements.com\/hr\/teambuilding\/#breadcrumb","itemListElement":[{"@type":"ListItem","position":1,"name":"Home","item":"https:\/\/tree-elements.com\/hr\/"},{"@type":"ListItem","position":2,"name":"Teambuilding"}]},{"@type":"WebSite","@id":"https:\/\/tree-elements.com\/#website","url":"https:\/\/tree-elements.com\/","name":"Tree Elements","description":"","publisher":{"@id":"https:\/\/tree-elements.com\/#organization"},"potentialAction":[{"@type":"SearchAction","target":{"@type":"EntryPoint","urlTemplate":"https:\/\/tree-elements.com\/?s={search_term_string}"},"query-input":{"@type":"PropertyValueSpecification","valueRequired":true,"valueName":"search_term_string"}}],"inLanguage":"hr"},{"@type":"Organization","@id":"https:\/\/tree-elements.com\/#organization","name":"Tree Elements","url":"https:\/\/tree-elements.com\/","logo":{"@type":"ImageObject","inLanguage":"hr","@id":"https:\/\/tree-elements.com\/#\/schema\/logo\/image\/","url":"https:\/\/tree-elements.com\/wp-content\/uploads\/2024\/03\/tree-elements-favicon.png","contentUrl":"https:\/\/tree-elements.com\/wp-content\/uploads\/2024\/03\/tree-elements-favicon.png","width":64,"height":64,"caption":"Tree Elements"},"image":{"@id":"https:\/\/tree-elements.com\/#\/schema\/logo\/image\/"},"sameAs":["https:\/\/www.facebook.com\/treelements","https:\/\/www.instagram.com\/tree.elements\/?hl=hr"]}]}},"_links":{"self":[{"href":"https:\/\/tree-elements.com\/hr\/wp-json\/wp\/v2\/pages\/1125","targetHints":{"allow":["GET"]}}],"collection":[{"href":"https:\/\/tree-elements.com\/hr\/wp-json\/wp\/v2\/pages"}],"about":[{"href":"https:\/\/tree-elements.com\/hr\/wp-json\/wp\/v2\/types\/page"}],"author":[{"embeddable":true,"href":"https:\/\/tree-elements.com\/hr\/wp-json\/wp\/v2\/users\/1"}],"replies":[{"embeddable":true,"href":"https:\/\/tree-elements.com\/hr\/wp-json\/wp\/v2\/comments?post=1125"}],"version-history":[{"count":1,"href":"https:\/\/tree-elements.com\/hr\/wp-json\/wp\/v2\/pages\/1125\/revisions"}],"predecessor-version":[{"id":1126,"href":"https:\/\/tree-elements.com\/hr\/wp-json\/wp\/v2\/pages\/1125\/revisions\/1126"}],"wp:featuredmedia":[{"embeddable":true,"href":"https:\/\/tree-elements.com\/hr\/wp-json\/wp\/v2\/media\/514"}],"wp:attachment":[{"href":"https:\/\/tree-elements.com\/hr\/wp-json\/wp\/v2\/media?parent=1125"}],"curies":[{"name":"wp","href":"https:\/\/api.w.org\/{rel}","templated":true}]}}