{"id":1192,"date":"2024-12-05T13:12:11","date_gmt":"2024-12-05T12:12:11","guid":{"rendered":"https:\/\/tree-elements.com\/nova-godina-nova-ja\/"},"modified":"2024-12-05T13:12:11","modified_gmt":"2024-12-05T12:12:11","slug":"nova-godina-nova-ja","status":"publish","type":"page","link":"https:\/\/tree-elements.com\/hr\/nova-godina-nova-ja\/","title":{"rendered":"Nova Godina, nova Ja!"},"content":{"rendered":"<p>\u0160to ka\u017eete na ulazak u 2025. godinu na potpuno druga\u010diji na\u010din? Darujte si tri dana u \u010darobnim ku\u0107ama me\u0111u kro\u0161njama, u dru\u0161tvu inspirativnih \u017eena \u2013 Mirele, Ivane i Ivone. Tri prijateljice otvaraju vam vrata svog uto\u010di\u0161ta i pozivaju vas da im se pridru\u017eite 0d <strong>3.1.2025.-5.1.2025.<\/strong> u <strong>Tree Elements<\/strong>, Donji Nik\u0161i\u0107. Zamislite tri dana u kojima se ne morate dokazivati nikome ni juriti igdje. Dani ispunjeni ti\u0161inom prirode, podr\u0161kom zajednice i ritualima koji njeguju tijelo i duh. Ovo je prilika da zavolite sebe na dubok, iskren i osna\u017euju\u0107i na\u010din. Ovaj retreat je va\u0161 trenutak. Bu\u0111enje sebe.   <\/p>\n<p>  <strong>Povratak sebi.<\/strong><\/p>\n<p>Po\u010detak nove godine ne mora biti ispunjen pritiscima i obe\u0107anjima, ve\u0107 smirenjem i jasnom namjerom \u2013 da budete prisutne, povezane i svjesne vlastite snage. Pridru\u017eite nam se kako bismo zajedno zapo\u010dele godinu svjesno, u ljubavi prema sebi. Jer zapamtite: samo kada ste vi dobro, cijeli svijet oko vas cvjeta!<\/p>\n","protected":false},"excerpt":{"rendered":"<p>\u0160to ka\u017eete na ulazak u 2025. godinu na potpuno druga\u010diji na\u010din? Darujte si tri dana u \u010darobnim ku\u0107ama me\u0111u kro\u0161njama, u dru\u0161tvu inspirativnih \u017eena \u2013 Mirele, Ivane i Ivone. Tri prijateljice otvaraju vam vrata svog uto\u010di\u0161ta i pozivaju vas da im se pridru\u017eite 0d 3.1.2025.-5.1.2025. u Tree Elements, Donji Nik\u0161i\u0107. Zamislite tri dana u kojima [&#8230;]<\/p>\n<p><a class=\"btn btn-secondary virtualna-read-more-link\" href=\"https:\/\/tree-elements.com\/hr\/nova-godina-nova-ja\/\">Read More&#8230;<span class=\"screen-reader-text\"> from Nova Godina, nova Ja!<\/span><\/a><\/p>\n","protected":false},"author":1,"featured_media":1215,"parent":0,"menu_order":0,"comment_status":"closed","ping_status":"closed","template":"page-templates\/accomodation.php","meta":{"_acf_changed":false,"footnotes":""},"class_list":["post-1192","page","type-page","status-publish","has-post-thumbnail","hentry"],"acf":[],"yoast_head":"<!-- This site is optimized with the Yoast SEO plugin v25.5 - https:\/\/yoast.com\/wordpress\/plugins\/seo\/ -->\n<title>Nova Godina, nova Ja! - Tree Elements<\/title>\n<meta name=\"description\" content=\"Zamislite tri dana u kojima se ne morate dokazivati nikome ni juriti igdje. Dani ispunjeni ti\u0161inom prirode, podr\u0161kom zajednice i ritualima koji njeguju tijelo i duh.\" \/>\n<meta name=\"robots\" content=\"index, follow, max-snippet:-1, max-image-preview:large, max-video-preview:-1\" \/>\n<link rel=\"canonical\" href=\"https:\/\/tree-elements.com\/hr\/nova-godina-nova-ja\/\" \/>\n<meta property=\"og:locale\" content=\"hr_HR\" \/>\n<meta property=\"og:type\" content=\"article\" \/>\n<meta property=\"og:title\" content=\"Nova Godina, nova Ja! - Tree Elements\" \/>\n<meta property=\"og:description\" content=\"Zamislite tri dana u kojima se ne morate dokazivati nikome ni juriti igdje. Dani ispunjeni ti\u0161inom prirode, podr\u0161kom zajednice i ritualima koji njeguju tijelo i duh.\" \/>\n<meta property=\"og:url\" content=\"https:\/\/tree-elements.com\/hr\/nova-godina-nova-ja\/\" \/>\n<meta property=\"og:site_name\" content=\"Tree Elements\" \/>\n<meta property=\"article:publisher\" content=\"https:\/\/www.facebook.com\/treelements\" \/>\n<meta property=\"og:image\" content=\"https:\/\/tree-elements.com\/wp-content\/uploads\/2024\/03\/Tree-elements-13.jpg\" \/>\n\t<meta property=\"og:image:width\" content=\"1920\" \/>\n\t<meta property=\"og:image:height\" content=\"1280\" \/>\n\t<meta property=\"og:image:type\" content=\"image\/jpeg\" \/>\n<meta name=\"twitter:card\" content=\"summary_large_image\" \/>\n<meta name=\"twitter:label1\" content=\"Procijenjeno vrijeme \u010ditanja\" \/>\n\t<meta name=\"twitter:data1\" content=\"1 minuta\" \/>\n<script type=\"application\/ld+json\" class=\"yoast-schema-graph\">{\"@context\":\"https:\/\/schema.org\",\"@graph\":[{\"@type\":\"WebPage\",\"@id\":\"https:\/\/tree-elements.com\/hr\/nova-godina-nova-ja\/\",\"url\":\"https:\/\/tree-elements.com\/hr\/nova-godina-nova-ja\/\",\"name\":\"Nova Godina, nova Ja! - Tree Elements\",\"isPartOf\":{\"@id\":\"https:\/\/tree-elements.com\/#website\"},\"primaryImageOfPage\":{\"@id\":\"https:\/\/tree-elements.com\/hr\/nova-godina-nova-ja\/#primaryimage\"},\"image\":{\"@id\":\"https:\/\/tree-elements.com\/hr\/nova-godina-nova-ja\/#primaryimage\"},\"thumbnailUrl\":\"https:\/\/tree-elements.com\/wp-content\/uploads\/2025\/04\/3d6bbb2d-3d8e-4fcd-9fdc-5750a2a24818.jpeg\",\"datePublished\":\"2024-12-05T12:12:11+00:00\",\"description\":\"Zamislite tri dana u kojima se ne morate dokazivati nikome ni juriti igdje. Dani ispunjeni ti\u0161inom prirode, podr\u0161kom zajednice i ritualima koji njeguju tijelo i duh.\",\"breadcrumb\":{\"@id\":\"https:\/\/tree-elements.com\/hr\/nova-godina-nova-ja\/#breadcrumb\"},\"inLanguage\":\"hr\",\"potentialAction\":[{\"@type\":\"ReadAction\",\"target\":[\"https:\/\/tree-elements.com\/hr\/nova-godina-nova-ja\/\"]}]},{\"@type\":\"ImageObject\",\"inLanguage\":\"hr\",\"@id\":\"https:\/\/tree-elements.com\/hr\/nova-godina-nova-ja\/#primaryimage\",\"url\":\"https:\/\/tree-elements.com\/wp-content\/uploads\/2025\/04\/3d6bbb2d-3d8e-4fcd-9fdc-5750a2a24818.jpeg\",\"contentUrl\":\"https:\/\/tree-elements.com\/wp-content\/uploads\/2025\/04\/3d6bbb2d-3d8e-4fcd-9fdc-5750a2a24818.jpeg\",\"width\":2200,\"height\":1464},{\"@type\":\"BreadcrumbList\",\"@id\":\"https:\/\/tree-elements.com\/hr\/nova-godina-nova-ja\/#breadcrumb\",\"itemListElement\":[{\"@type\":\"ListItem\",\"position\":1,\"name\":\"Home\",\"item\":\"https:\/\/tree-elements.com\/hr\/\"},{\"@type\":\"ListItem\",\"position\":2,\"name\":\"Nova Godina, nova Ja!\"}]},{\"@type\":\"WebSite\",\"@id\":\"https:\/\/tree-elements.com\/#website\",\"url\":\"https:\/\/tree-elements.com\/\",\"name\":\"Tree Elements\",\"description\":\"\",\"publisher\":{\"@id\":\"https:\/\/tree-elements.com\/#organization\"},\"potentialAction\":[{\"@type\":\"SearchAction\",\"target\":{\"@type\":\"EntryPoint\",\"urlTemplate\":\"https:\/\/tree-elements.com\/?s={search_term_string}\"},\"query-input\":{\"@type\":\"PropertyValueSpecification\",\"valueRequired\":true,\"valueName\":\"search_term_string\"}}],\"inLanguage\":\"hr\"},{\"@type\":\"Organization\",\"@id\":\"https:\/\/tree-elements.com\/#organization\",\"name\":\"Tree Elements\",\"url\":\"https:\/\/tree-elements.com\/\",\"logo\":{\"@type\":\"ImageObject\",\"inLanguage\":\"hr\",\"@id\":\"https:\/\/tree-elements.com\/#\/schema\/logo\/image\/\",\"url\":\"https:\/\/tree-elements.com\/wp-content\/uploads\/2024\/03\/tree-elements-favicon.png\",\"contentUrl\":\"https:\/\/tree-elements.com\/wp-content\/uploads\/2024\/03\/tree-elements-favicon.png\",\"width\":64,\"height\":64,\"caption\":\"Tree Elements\"},\"image\":{\"@id\":\"https:\/\/tree-elements.com\/#\/schema\/logo\/image\/\"},\"sameAs\":[\"https:\/\/www.facebook.com\/treelements\",\"https:\/\/www.instagram.com\/tree.elements\/?hl=hr\"]}]}<\/script>\n<!-- \/ Yoast SEO plugin. -->","yoast_head_json":{"title":"Nova Godina, nova Ja! - Tree Elements","description":"Zamislite tri dana u kojima se ne morate dokazivati nikome ni juriti igdje. Dani ispunjeni ti\u0161inom prirode, podr\u0161kom zajednice i ritualima koji njeguju tijelo i duh.","robots":{"index":"index","follow":"follow","max-snippet":"max-snippet:-1","max-image-preview":"max-image-preview:large","max-video-preview":"max-video-preview:-1"},"canonical":"https:\/\/tree-elements.com\/hr\/nova-godina-nova-ja\/","og_locale":"hr_HR","og_type":"article","og_title":"Nova Godina, nova Ja! - Tree Elements","og_description":"Zamislite tri dana u kojima se ne morate dokazivati nikome ni juriti igdje. Dani ispunjeni ti\u0161inom prirode, podr\u0161kom zajednice i ritualima koji njeguju tijelo i duh.","og_url":"https:\/\/tree-elements.com\/hr\/nova-godina-nova-ja\/","og_site_name":"Tree Elements","article_publisher":"https:\/\/www.facebook.com\/treelements","og_image":[{"width":1920,"height":1280,"url":"https:\/\/tree-elements.com\/wp-content\/uploads\/2024\/03\/Tree-elements-13.jpg","type":"image\/jpeg"}],"twitter_card":"summary_large_image","twitter_misc":{"Procijenjeno vrijeme \u010ditanja":"1 minuta"},"schema":{"@context":"https:\/\/schema.org","@graph":[{"@type":"WebPage","@id":"https:\/\/tree-elements.com\/hr\/nova-godina-nova-ja\/","url":"https:\/\/tree-elements.com\/hr\/nova-godina-nova-ja\/","name":"Nova Godina, nova Ja! - Tree Elements","isPartOf":{"@id":"https:\/\/tree-elements.com\/#website"},"primaryImageOfPage":{"@id":"https:\/\/tree-elements.com\/hr\/nova-godina-nova-ja\/#primaryimage"},"image":{"@id":"https:\/\/tree-elements.com\/hr\/nova-godina-nova-ja\/#primaryimage"},"thumbnailUrl":"https:\/\/tree-elements.com\/wp-content\/uploads\/2025\/04\/3d6bbb2d-3d8e-4fcd-9fdc-5750a2a24818.jpeg","datePublished":"2024-12-05T12:12:11+00:00","description":"Zamislite tri dana u kojima se ne morate dokazivati nikome ni juriti igdje. Dani ispunjeni ti\u0161inom prirode, podr\u0161kom zajednice i ritualima koji njeguju tijelo i duh.","breadcrumb":{"@id":"https:\/\/tree-elements.com\/hr\/nova-godina-nova-ja\/#breadcrumb"},"inLanguage":"hr","potentialAction":[{"@type":"ReadAction","target":["https:\/\/tree-elements.com\/hr\/nova-godina-nova-ja\/"]}]},{"@type":"ImageObject","inLanguage":"hr","@id":"https:\/\/tree-elements.com\/hr\/nova-godina-nova-ja\/#primaryimage","url":"https:\/\/tree-elements.com\/wp-content\/uploads\/2025\/04\/3d6bbb2d-3d8e-4fcd-9fdc-5750a2a24818.jpeg","contentUrl":"https:\/\/tree-elements.com\/wp-content\/uploads\/2025\/04\/3d6bbb2d-3d8e-4fcd-9fdc-5750a2a24818.jpeg","width":2200,"height":1464},{"@type":"BreadcrumbList","@id":"https:\/\/tree-elements.com\/hr\/nova-godina-nova-ja\/#breadcrumb","itemListElement":[{"@type":"ListItem","position":1,"name":"Home","item":"https:\/\/tree-elements.com\/hr\/"},{"@type":"ListItem","position":2,"name":"Nova Godina, nova Ja!"}]},{"@type":"WebSite","@id":"https:\/\/tree-elements.com\/#website","url":"https:\/\/tree-elements.com\/","name":"Tree Elements","description":"","publisher":{"@id":"https:\/\/tree-elements.com\/#organization"},"potentialAction":[{"@type":"SearchAction","target":{"@type":"EntryPoint","urlTemplate":"https:\/\/tree-elements.com\/?s={search_term_string}"},"query-input":{"@type":"PropertyValueSpecification","valueRequired":true,"valueName":"search_term_string"}}],"inLanguage":"hr"},{"@type":"Organization","@id":"https:\/\/tree-elements.com\/#organization","name":"Tree Elements","url":"https:\/\/tree-elements.com\/","logo":{"@type":"ImageObject","inLanguage":"hr","@id":"https:\/\/tree-elements.com\/#\/schema\/logo\/image\/","url":"https:\/\/tree-elements.com\/wp-content\/uploads\/2024\/03\/tree-elements-favicon.png","contentUrl":"https:\/\/tree-elements.com\/wp-content\/uploads\/2024\/03\/tree-elements-favicon.png","width":64,"height":64,"caption":"Tree Elements"},"image":{"@id":"https:\/\/tree-elements.com\/#\/schema\/logo\/image\/"},"sameAs":["https:\/\/www.facebook.com\/treelements","https:\/\/www.instagram.com\/tree.elements\/?hl=hr"]}]}},"_links":{"self":[{"href":"https:\/\/tree-elements.com\/hr\/wp-json\/wp\/v2\/pages\/1192","targetHints":{"allow":["GET"]}}],"collection":[{"href":"https:\/\/tree-elements.com\/hr\/wp-json\/wp\/v2\/pages"}],"about":[{"href":"https:\/\/tree-elements.com\/hr\/wp-json\/wp\/v2\/types\/page"}],"author":[{"embeddable":true,"href":"https:\/\/tree-elements.com\/hr\/wp-json\/wp\/v2\/users\/1"}],"replies":[{"embeddable":true,"href":"https:\/\/tree-elements.com\/hr\/wp-json\/wp\/v2\/comments?post=1192"}],"version-history":[{"count":0,"href":"https:\/\/tree-elements.com\/hr\/wp-json\/wp\/v2\/pages\/1192\/revisions"}],"wp:featuredmedia":[{"embeddable":true,"href":"https:\/\/tree-elements.com\/hr\/wp-json\/wp\/v2\/media\/1215"}],"wp:attachment":[{"href":"https:\/\/tree-elements.com\/hr\/wp-json\/wp\/v2\/media?parent=1192"}],"curies":[{"name":"wp","href":"https:\/\/api.w.org\/{rel}","templated":true}]}}