{"id":520,"date":"2024-02-28T16:38:08","date_gmt":"2024-02-28T15:38:08","guid":{"rendered":"https:\/\/tree-elements.com\/pocetna\/"},"modified":"2024-09-04T13:02:42","modified_gmt":"2024-09-04T11:02:42","slug":"pocetna","status":"publish","type":"page","link":"https:\/\/tree-elements.com\/hr\/","title":{"rendered":"Po\u010detna"},"content":{"rendered":"<h3>Mjesto inspiracije, odmora, opu\u0161tanja i istra\u017eivanja!<\/h3>\n<p>Tree Elements, smje\u0161ten blizu <strong>Rastoka <\/strong>i <strong>Slunja<\/strong>, idealno je mjesto za odmor u drvenim <strong>ku\u0107icama na drvetu<\/strong>. Na\u0161a misija je redefinirati na\u010din putovanja, odmora i opu\u0161tanja. Zaboravite na gu\u017eve i masovni turizam, ovdje se posve\u0107ujemo ekolo\u0161ki osvije\u0161tenom i dru\u0161tveno odgovornom putovanju.<\/p>\n<p>Odaberite boravak u jednoj od ku\u0107ica na drvetu ili iznajmite cijelo imanje za ekskluzivno iskustvo ili organizaciju vjen\u010danja u \u0161umi. Iskoristite priliku i napravite svoj savr\u0161eni Tree Elements retreat. U\u017eivajte u jogi, meditaciji i iskoristite svoj boravak u \u0161umi kao lje\u010dili\u0161te. Mo\u017eete organizirati i team-building, snimanje filmova ili glazbenih spotova, edukaciju ili volontiranje.<\/p>\n","protected":false},"excerpt":{"rendered":"<p>Mjesto inspiracije, odmora, opu\u0161tanja i istra\u017eivanja! Tree Elements, smje\u0161ten blizu Rastoka i Slunja, idealno je mjesto za odmor u drvenim ku\u0107icama na drvetu. Na\u0161a misija je redefinirati na\u010din putovanja, odmora i opu\u0161tanja. Zaboravite na gu\u017eve i masovni turizam, ovdje se posve\u0107ujemo ekolo\u0161ki osvije\u0161tenom i dru\u0161tveno odgovornom putovanju. Odaberite boravak u jednoj od ku\u0107ica na drvetu [&#8230;]<\/p>\n<p><a class=\"btn btn-secondary virtualna-read-more-link\" href=\"https:\/\/tree-elements.com\/hr\/\">Read More&#8230;<span class=\"screen-reader-text\"> from Po\u010detna<\/span><\/a><\/p>\n","protected":false},"author":1,"featured_media":959,"parent":0,"menu_order":0,"comment_status":"closed","ping_status":"closed","template":"page-templates\/homepage.php","meta":{"_acf_changed":false,"footnotes":""},"class_list":["post-520","page","type-page","status-publish","has-post-thumbnail","hentry"],"acf":[],"yoast_head":"<!-- This site is optimized with the Yoast SEO plugin v25.5 - https:\/\/yoast.com\/wordpress\/plugins\/seo\/ -->\n<title>Po\u010detna - Tree Elements<\/title>\n<meta name=\"description\" content=\"Tree Elements, smje\u0161ten u blizini Rastoka i Slunja u Hrvatskoj, nudi opu\u0161taju\u0107i odmor u ku\u0107icama na drvetu.\" \/>\n<meta name=\"robots\" content=\"index, follow, max-snippet:-1, max-image-preview:large, max-video-preview:-1\" \/>\n<link rel=\"canonical\" href=\"https:\/\/tree-elements.com\/hr\/\" \/>\n<meta property=\"og:locale\" content=\"hr_HR\" \/>\n<meta property=\"og:type\" content=\"article\" \/>\n<meta property=\"og:title\" content=\"Po\u010detna - Tree Elements\" \/>\n<meta property=\"og:description\" content=\"Tree Elements, smje\u0161ten u blizini Rastoka i Slunja u Hrvatskoj, nudi opu\u0161taju\u0107i odmor u ku\u0107icama na drvetu.\" \/>\n<meta property=\"og:url\" content=\"https:\/\/tree-elements.com\/hr\/\" \/>\n<meta property=\"og:site_name\" content=\"Tree Elements\" \/>\n<meta property=\"article:publisher\" content=\"https:\/\/www.facebook.com\/treelements\" \/>\n<meta property=\"article:modified_time\" content=\"2024-09-04T11:02:42+00:00\" \/>\n<meta property=\"og:image\" content=\"https:\/\/tree-elements.com\/wp-content\/uploads\/2024\/08\/tree-elements.jpg\" \/>\n\t<meta property=\"og:image:width\" content=\"1920\" \/>\n\t<meta property=\"og:image:height\" content=\"864\" \/>\n\t<meta property=\"og:image:type\" content=\"image\/jpeg\" \/>\n<meta name=\"twitter:card\" content=\"summary_large_image\" \/>\n<meta name=\"twitter:label1\" content=\"Procijenjeno vrijeme \u010ditanja\" \/>\n\t<meta name=\"twitter:data1\" content=\"1 minuta\" \/>\n<script type=\"application\/ld+json\" class=\"yoast-schema-graph\">{\"@context\":\"https:\/\/schema.org\",\"@graph\":[{\"@type\":\"WebPage\",\"@id\":\"https:\/\/tree-elements.com\/hr\/\",\"url\":\"https:\/\/tree-elements.com\/hr\/\",\"name\":\"Po\u010detna - Tree Elements\",\"isPartOf\":{\"@id\":\"https:\/\/tree-elements.com\/#website\"},\"primaryImageOfPage\":{\"@id\":\"https:\/\/tree-elements.com\/hr\/#primaryimage\"},\"image\":{\"@id\":\"https:\/\/tree-elements.com\/hr\/#primaryimage\"},\"thumbnailUrl\":\"https:\/\/tree-elements.com\/wp-content\/uploads\/2024\/08\/tree-elements.jpg\",\"datePublished\":\"2024-02-28T15:38:08+00:00\",\"dateModified\":\"2024-09-04T11:02:42+00:00\",\"description\":\"Tree Elements, smje\u0161ten u blizini Rastoka i Slunja u Hrvatskoj, nudi opu\u0161taju\u0107i odmor u ku\u0107icama na drvetu.\",\"breadcrumb\":{\"@id\":\"https:\/\/tree-elements.com\/hr\/#breadcrumb\"},\"inLanguage\":\"hr\",\"potentialAction\":[{\"@type\":\"ReadAction\",\"target\":[\"https:\/\/tree-elements.com\/hr\/\"]}]},{\"@type\":\"ImageObject\",\"inLanguage\":\"hr\",\"@id\":\"https:\/\/tree-elements.com\/hr\/#primaryimage\",\"url\":\"https:\/\/tree-elements.com\/wp-content\/uploads\/2024\/08\/tree-elements.jpg\",\"contentUrl\":\"https:\/\/tree-elements.com\/wp-content\/uploads\/2024\/08\/tree-elements.jpg\",\"width\":1920,\"height\":864},{\"@type\":\"BreadcrumbList\",\"@id\":\"https:\/\/tree-elements.com\/hr\/#breadcrumb\",\"itemListElement\":[{\"@type\":\"ListItem\",\"position\":1,\"name\":\"Home\",\"item\":\"https:\/\/tree-elements.com\/hr\/\"},{\"@type\":\"ListItem\",\"position\":2,\"name\":\"Po\u010detna\"}]},{\"@type\":\"WebSite\",\"@id\":\"https:\/\/tree-elements.com\/#website\",\"url\":\"https:\/\/tree-elements.com\/\",\"name\":\"Tree Elements\",\"description\":\"\",\"publisher\":{\"@id\":\"https:\/\/tree-elements.com\/#organization\"},\"potentialAction\":[{\"@type\":\"SearchAction\",\"target\":{\"@type\":\"EntryPoint\",\"urlTemplate\":\"https:\/\/tree-elements.com\/?s={search_term_string}\"},\"query-input\":{\"@type\":\"PropertyValueSpecification\",\"valueRequired\":true,\"valueName\":\"search_term_string\"}}],\"inLanguage\":\"hr\"},{\"@type\":\"Organization\",\"@id\":\"https:\/\/tree-elements.com\/#organization\",\"name\":\"Tree Elements\",\"url\":\"https:\/\/tree-elements.com\/\",\"logo\":{\"@type\":\"ImageObject\",\"inLanguage\":\"hr\",\"@id\":\"https:\/\/tree-elements.com\/#\/schema\/logo\/image\/\",\"url\":\"https:\/\/tree-elements.com\/wp-content\/uploads\/2024\/03\/tree-elements-favicon.png\",\"contentUrl\":\"https:\/\/tree-elements.com\/wp-content\/uploads\/2024\/03\/tree-elements-favicon.png\",\"width\":64,\"height\":64,\"caption\":\"Tree Elements\"},\"image\":{\"@id\":\"https:\/\/tree-elements.com\/#\/schema\/logo\/image\/\"},\"sameAs\":[\"https:\/\/www.facebook.com\/treelements\",\"https:\/\/www.instagram.com\/tree.elements\/?hl=hr\"]}]}<\/script>\n<!-- \/ Yoast SEO plugin. -->","yoast_head_json":{"title":"Po\u010detna - Tree Elements","description":"Tree Elements, smje\u0161ten u blizini Rastoka i Slunja u Hrvatskoj, nudi opu\u0161taju\u0107i odmor u ku\u0107icama na drvetu.","robots":{"index":"index","follow":"follow","max-snippet":"max-snippet:-1","max-image-preview":"max-image-preview:large","max-video-preview":"max-video-preview:-1"},"canonical":"https:\/\/tree-elements.com\/hr\/","og_locale":"hr_HR","og_type":"article","og_title":"Po\u010detna - Tree Elements","og_description":"Tree Elements, smje\u0161ten u blizini Rastoka i Slunja u Hrvatskoj, nudi opu\u0161taju\u0107i odmor u ku\u0107icama na drvetu.","og_url":"https:\/\/tree-elements.com\/hr\/","og_site_name":"Tree Elements","article_publisher":"https:\/\/www.facebook.com\/treelements","article_modified_time":"2024-09-04T11:02:42+00:00","og_image":[{"width":1920,"height":864,"url":"https:\/\/tree-elements.com\/wp-content\/uploads\/2024\/08\/tree-elements.jpg","type":"image\/jpeg"}],"twitter_card":"summary_large_image","twitter_misc":{"Procijenjeno vrijeme \u010ditanja":"1 minuta"},"schema":{"@context":"https:\/\/schema.org","@graph":[{"@type":"WebPage","@id":"https:\/\/tree-elements.com\/hr\/","url":"https:\/\/tree-elements.com\/hr\/","name":"Po\u010detna - Tree Elements","isPartOf":{"@id":"https:\/\/tree-elements.com\/#website"},"primaryImageOfPage":{"@id":"https:\/\/tree-elements.com\/hr\/#primaryimage"},"image":{"@id":"https:\/\/tree-elements.com\/hr\/#primaryimage"},"thumbnailUrl":"https:\/\/tree-elements.com\/wp-content\/uploads\/2024\/08\/tree-elements.jpg","datePublished":"2024-02-28T15:38:08+00:00","dateModified":"2024-09-04T11:02:42+00:00","description":"Tree Elements, smje\u0161ten u blizini Rastoka i Slunja u Hrvatskoj, nudi opu\u0161taju\u0107i odmor u ku\u0107icama na drvetu.","breadcrumb":{"@id":"https:\/\/tree-elements.com\/hr\/#breadcrumb"},"inLanguage":"hr","potentialAction":[{"@type":"ReadAction","target":["https:\/\/tree-elements.com\/hr\/"]}]},{"@type":"ImageObject","inLanguage":"hr","@id":"https:\/\/tree-elements.com\/hr\/#primaryimage","url":"https:\/\/tree-elements.com\/wp-content\/uploads\/2024\/08\/tree-elements.jpg","contentUrl":"https:\/\/tree-elements.com\/wp-content\/uploads\/2024\/08\/tree-elements.jpg","width":1920,"height":864},{"@type":"BreadcrumbList","@id":"https:\/\/tree-elements.com\/hr\/#breadcrumb","itemListElement":[{"@type":"ListItem","position":1,"name":"Home","item":"https:\/\/tree-elements.com\/hr\/"},{"@type":"ListItem","position":2,"name":"Po\u010detna"}]},{"@type":"WebSite","@id":"https:\/\/tree-elements.com\/#website","url":"https:\/\/tree-elements.com\/","name":"Tree Elements","description":"","publisher":{"@id":"https:\/\/tree-elements.com\/#organization"},"potentialAction":[{"@type":"SearchAction","target":{"@type":"EntryPoint","urlTemplate":"https:\/\/tree-elements.com\/?s={search_term_string}"},"query-input":{"@type":"PropertyValueSpecification","valueRequired":true,"valueName":"search_term_string"}}],"inLanguage":"hr"},{"@type":"Organization","@id":"https:\/\/tree-elements.com\/#organization","name":"Tree Elements","url":"https:\/\/tree-elements.com\/","logo":{"@type":"ImageObject","inLanguage":"hr","@id":"https:\/\/tree-elements.com\/#\/schema\/logo\/image\/","url":"https:\/\/tree-elements.com\/wp-content\/uploads\/2024\/03\/tree-elements-favicon.png","contentUrl":"https:\/\/tree-elements.com\/wp-content\/uploads\/2024\/03\/tree-elements-favicon.png","width":64,"height":64,"caption":"Tree Elements"},"image":{"@id":"https:\/\/tree-elements.com\/#\/schema\/logo\/image\/"},"sameAs":["https:\/\/www.facebook.com\/treelements","https:\/\/www.instagram.com\/tree.elements\/?hl=hr"]}]}},"_links":{"self":[{"href":"https:\/\/tree-elements.com\/hr\/wp-json\/wp\/v2\/pages\/520","targetHints":{"allow":["GET"]}}],"collection":[{"href":"https:\/\/tree-elements.com\/hr\/wp-json\/wp\/v2\/pages"}],"about":[{"href":"https:\/\/tree-elements.com\/hr\/wp-json\/wp\/v2\/types\/page"}],"author":[{"embeddable":true,"href":"https:\/\/tree-elements.com\/hr\/wp-json\/wp\/v2\/users\/1"}],"replies":[{"embeddable":true,"href":"https:\/\/tree-elements.com\/hr\/wp-json\/wp\/v2\/comments?post=520"}],"version-history":[{"count":8,"href":"https:\/\/tree-elements.com\/hr\/wp-json\/wp\/v2\/pages\/520\/revisions"}],"predecessor-version":[{"id":1055,"href":"https:\/\/tree-elements.com\/hr\/wp-json\/wp\/v2\/pages\/520\/revisions\/1055"}],"wp:featuredmedia":[{"embeddable":true,"href":"https:\/\/tree-elements.com\/hr\/wp-json\/wp\/v2\/media\/959"}],"wp:attachment":[{"href":"https:\/\/tree-elements.com\/hr\/wp-json\/wp\/v2\/media?parent=520"}],"curies":[{"name":"wp","href":"https:\/\/api.w.org\/{rel}","templated":true}]}}