{"id":522,"date":"2024-03-03T22:52:32","date_gmt":"2024-03-03T21:52:32","guid":{"rendered":"https:\/\/tree-elements.com\/galerija\/"},"modified":"2025-05-16T12:46:07","modified_gmt":"2025-05-16T10:46:07","slug":"galerija","status":"publish","type":"page","link":"https:\/\/tree-elements.com\/hr\/galerija\/","title":{"rendered":"Galerija"},"content":{"rendered":"","protected":false},"excerpt":{"rendered":"<p> [&#8230;]<\/p>\n<p><a class=\"btn btn-secondary virtualna-read-more-link\" href=\"https:\/\/tree-elements.com\/hr\/galerija\/\">Read More&#8230;<span class=\"screen-reader-text\"> from Galerija<\/span><\/a><\/p>\n","protected":false},"author":1,"featured_media":514,"parent":0,"menu_order":0,"comment_status":"closed","ping_status":"closed","template":"page-templates\/gallery.php","meta":{"_acf_changed":false,"footnotes":""},"class_list":["post-522","page","type-page","status-publish","has-post-thumbnail","hentry"],"acf":[],"yoast_head":"<!-- This site is optimized with the Yoast SEO plugin v25.5 - https:\/\/yoast.com\/wordpress\/plugins\/seo\/ -->\n<title>Galerija - Tree Elements<\/title>\n<meta name=\"description\" content=\"Otkrijte za\u0161to je Tree Elements va\u0161a idealna destinacija za opu\u0161tanje kroz na\u0161u galeriju slika. Prona\u0111ite inspiraciju za sljede\u0107i odmor.\" \/>\n<meta name=\"robots\" content=\"index, follow, max-snippet:-1, max-image-preview:large, max-video-preview:-1\" \/>\n<link rel=\"canonical\" href=\"https:\/\/tree-elements.com\/hr\/galerija\/\" \/>\n<meta property=\"og:locale\" content=\"hr_HR\" \/>\n<meta property=\"og:type\" content=\"article\" \/>\n<meta property=\"og:title\" content=\"Galerija - Tree Elements\" \/>\n<meta property=\"og:description\" content=\"Otkrijte za\u0161to je Tree Elements va\u0161a idealna destinacija za opu\u0161tanje kroz na\u0161u galeriju slika. Prona\u0111ite inspiraciju za sljede\u0107i odmor.\" \/>\n<meta property=\"og:url\" content=\"https:\/\/tree-elements.com\/hr\/galerija\/\" \/>\n<meta property=\"og:site_name\" content=\"Tree Elements\" \/>\n<meta property=\"article:publisher\" content=\"https:\/\/www.facebook.com\/treelements\" \/>\n<meta property=\"article:modified_time\" content=\"2025-05-16T10:46:07+00:00\" \/>\n<meta property=\"og:image\" content=\"https:\/\/tree-elements.com\/wp-content\/uploads\/2024\/03\/Rectangle-20.png\" \/>\n\t<meta property=\"og:image:width\" content=\"1920\" \/>\n\t<meta property=\"og:image:height\" content=\"552\" \/>\n\t<meta property=\"og:image:type\" content=\"image\/png\" \/>\n<meta name=\"twitter:card\" content=\"summary_large_image\" \/>\n<meta name=\"twitter:label1\" content=\"Procijenjeno vrijeme \u010ditanja\" \/>\n\t<meta name=\"twitter:data1\" content=\"1 minuta\" \/>\n<script type=\"application\/ld+json\" class=\"yoast-schema-graph\">{\"@context\":\"https:\/\/schema.org\",\"@graph\":[{\"@type\":\"WebPage\",\"@id\":\"https:\/\/tree-elements.com\/hr\/galerija\/\",\"url\":\"https:\/\/tree-elements.com\/hr\/galerija\/\",\"name\":\"Galerija - Tree Elements\",\"isPartOf\":{\"@id\":\"https:\/\/tree-elements.com\/#website\"},\"primaryImageOfPage\":{\"@id\":\"https:\/\/tree-elements.com\/hr\/galerija\/#primaryimage\"},\"image\":{\"@id\":\"https:\/\/tree-elements.com\/hr\/galerija\/#primaryimage\"},\"thumbnailUrl\":\"https:\/\/tree-elements.com\/wp-content\/uploads\/2024\/03\/Rectangle-20.png\",\"datePublished\":\"2024-03-03T21:52:32+00:00\",\"dateModified\":\"2025-05-16T10:46:07+00:00\",\"description\":\"Otkrijte za\u0161to je Tree Elements va\u0161a idealna destinacija za opu\u0161tanje kroz na\u0161u galeriju slika. Prona\u0111ite inspiraciju za sljede\u0107i odmor.\",\"breadcrumb\":{\"@id\":\"https:\/\/tree-elements.com\/hr\/galerija\/#breadcrumb\"},\"inLanguage\":\"hr\",\"potentialAction\":[{\"@type\":\"ReadAction\",\"target\":[\"https:\/\/tree-elements.com\/hr\/galerija\/\"]}]},{\"@type\":\"ImageObject\",\"inLanguage\":\"hr\",\"@id\":\"https:\/\/tree-elements.com\/hr\/galerija\/#primaryimage\",\"url\":\"https:\/\/tree-elements.com\/wp-content\/uploads\/2024\/03\/Rectangle-20.png\",\"contentUrl\":\"https:\/\/tree-elements.com\/wp-content\/uploads\/2024\/03\/Rectangle-20.png\",\"width\":1920,\"height\":552},{\"@type\":\"BreadcrumbList\",\"@id\":\"https:\/\/tree-elements.com\/hr\/galerija\/#breadcrumb\",\"itemListElement\":[{\"@type\":\"ListItem\",\"position\":1,\"name\":\"Home\",\"item\":\"https:\/\/tree-elements.com\/hr\/\"},{\"@type\":\"ListItem\",\"position\":2,\"name\":\"Galerija\"}]},{\"@type\":\"WebSite\",\"@id\":\"https:\/\/tree-elements.com\/#website\",\"url\":\"https:\/\/tree-elements.com\/\",\"name\":\"Tree Elements\",\"description\":\"\",\"publisher\":{\"@id\":\"https:\/\/tree-elements.com\/#organization\"},\"potentialAction\":[{\"@type\":\"SearchAction\",\"target\":{\"@type\":\"EntryPoint\",\"urlTemplate\":\"https:\/\/tree-elements.com\/?s={search_term_string}\"},\"query-input\":{\"@type\":\"PropertyValueSpecification\",\"valueRequired\":true,\"valueName\":\"search_term_string\"}}],\"inLanguage\":\"hr\"},{\"@type\":\"Organization\",\"@id\":\"https:\/\/tree-elements.com\/#organization\",\"name\":\"Tree Elements\",\"url\":\"https:\/\/tree-elements.com\/\",\"logo\":{\"@type\":\"ImageObject\",\"inLanguage\":\"hr\",\"@id\":\"https:\/\/tree-elements.com\/#\/schema\/logo\/image\/\",\"url\":\"https:\/\/tree-elements.com\/wp-content\/uploads\/2024\/03\/tree-elements-favicon.png\",\"contentUrl\":\"https:\/\/tree-elements.com\/wp-content\/uploads\/2024\/03\/tree-elements-favicon.png\",\"width\":64,\"height\":64,\"caption\":\"Tree Elements\"},\"image\":{\"@id\":\"https:\/\/tree-elements.com\/#\/schema\/logo\/image\/\"},\"sameAs\":[\"https:\/\/www.facebook.com\/treelements\",\"https:\/\/www.instagram.com\/tree.elements\/?hl=hr\"]}]}<\/script>\n<!-- \/ Yoast SEO plugin. -->","yoast_head_json":{"title":"Galerija - Tree Elements","description":"Otkrijte za\u0161to je Tree Elements va\u0161a idealna destinacija za opu\u0161tanje kroz na\u0161u galeriju slika. Prona\u0111ite inspiraciju za sljede\u0107i odmor.","robots":{"index":"index","follow":"follow","max-snippet":"max-snippet:-1","max-image-preview":"max-image-preview:large","max-video-preview":"max-video-preview:-1"},"canonical":"https:\/\/tree-elements.com\/hr\/galerija\/","og_locale":"hr_HR","og_type":"article","og_title":"Galerija - Tree Elements","og_description":"Otkrijte za\u0161to je Tree Elements va\u0161a idealna destinacija za opu\u0161tanje kroz na\u0161u galeriju slika. Prona\u0111ite inspiraciju za sljede\u0107i odmor.","og_url":"https:\/\/tree-elements.com\/hr\/galerija\/","og_site_name":"Tree Elements","article_publisher":"https:\/\/www.facebook.com\/treelements","article_modified_time":"2025-05-16T10:46:07+00:00","og_image":[{"width":1920,"height":552,"url":"https:\/\/tree-elements.com\/wp-content\/uploads\/2024\/03\/Rectangle-20.png","type":"image\/png"}],"twitter_card":"summary_large_image","twitter_misc":{"Procijenjeno vrijeme \u010ditanja":"1 minuta"},"schema":{"@context":"https:\/\/schema.org","@graph":[{"@type":"WebPage","@id":"https:\/\/tree-elements.com\/hr\/galerija\/","url":"https:\/\/tree-elements.com\/hr\/galerija\/","name":"Galerija - Tree Elements","isPartOf":{"@id":"https:\/\/tree-elements.com\/#website"},"primaryImageOfPage":{"@id":"https:\/\/tree-elements.com\/hr\/galerija\/#primaryimage"},"image":{"@id":"https:\/\/tree-elements.com\/hr\/galerija\/#primaryimage"},"thumbnailUrl":"https:\/\/tree-elements.com\/wp-content\/uploads\/2024\/03\/Rectangle-20.png","datePublished":"2024-03-03T21:52:32+00:00","dateModified":"2025-05-16T10:46:07+00:00","description":"Otkrijte za\u0161to je Tree Elements va\u0161a idealna destinacija za opu\u0161tanje kroz na\u0161u galeriju slika. Prona\u0111ite inspiraciju za sljede\u0107i odmor.","breadcrumb":{"@id":"https:\/\/tree-elements.com\/hr\/galerija\/#breadcrumb"},"inLanguage":"hr","potentialAction":[{"@type":"ReadAction","target":["https:\/\/tree-elements.com\/hr\/galerija\/"]}]},{"@type":"ImageObject","inLanguage":"hr","@id":"https:\/\/tree-elements.com\/hr\/galerija\/#primaryimage","url":"https:\/\/tree-elements.com\/wp-content\/uploads\/2024\/03\/Rectangle-20.png","contentUrl":"https:\/\/tree-elements.com\/wp-content\/uploads\/2024\/03\/Rectangle-20.png","width":1920,"height":552},{"@type":"BreadcrumbList","@id":"https:\/\/tree-elements.com\/hr\/galerija\/#breadcrumb","itemListElement":[{"@type":"ListItem","position":1,"name":"Home","item":"https:\/\/tree-elements.com\/hr\/"},{"@type":"ListItem","position":2,"name":"Galerija"}]},{"@type":"WebSite","@id":"https:\/\/tree-elements.com\/#website","url":"https:\/\/tree-elements.com\/","name":"Tree Elements","description":"","publisher":{"@id":"https:\/\/tree-elements.com\/#organization"},"potentialAction":[{"@type":"SearchAction","target":{"@type":"EntryPoint","urlTemplate":"https:\/\/tree-elements.com\/?s={search_term_string}"},"query-input":{"@type":"PropertyValueSpecification","valueRequired":true,"valueName":"search_term_string"}}],"inLanguage":"hr"},{"@type":"Organization","@id":"https:\/\/tree-elements.com\/#organization","name":"Tree Elements","url":"https:\/\/tree-elements.com\/","logo":{"@type":"ImageObject","inLanguage":"hr","@id":"https:\/\/tree-elements.com\/#\/schema\/logo\/image\/","url":"https:\/\/tree-elements.com\/wp-content\/uploads\/2024\/03\/tree-elements-favicon.png","contentUrl":"https:\/\/tree-elements.com\/wp-content\/uploads\/2024\/03\/tree-elements-favicon.png","width":64,"height":64,"caption":"Tree Elements"},"image":{"@id":"https:\/\/tree-elements.com\/#\/schema\/logo\/image\/"},"sameAs":["https:\/\/www.facebook.com\/treelements","https:\/\/www.instagram.com\/tree.elements\/?hl=hr"]}]}},"_links":{"self":[{"href":"https:\/\/tree-elements.com\/hr\/wp-json\/wp\/v2\/pages\/522","targetHints":{"allow":["GET"]}}],"collection":[{"href":"https:\/\/tree-elements.com\/hr\/wp-json\/wp\/v2\/pages"}],"about":[{"href":"https:\/\/tree-elements.com\/hr\/wp-json\/wp\/v2\/types\/page"}],"author":[{"embeddable":true,"href":"https:\/\/tree-elements.com\/hr\/wp-json\/wp\/v2\/users\/1"}],"replies":[{"embeddable":true,"href":"https:\/\/tree-elements.com\/hr\/wp-json\/wp\/v2\/comments?post=522"}],"version-history":[{"count":1,"href":"https:\/\/tree-elements.com\/hr\/wp-json\/wp\/v2\/pages\/522\/revisions"}],"predecessor-version":[{"id":523,"href":"https:\/\/tree-elements.com\/hr\/wp-json\/wp\/v2\/pages\/522\/revisions\/523"}],"wp:featuredmedia":[{"embeddable":true,"href":"https:\/\/tree-elements.com\/hr\/wp-json\/wp\/v2\/media\/514"}],"wp:attachment":[{"href":"https:\/\/tree-elements.com\/hr\/wp-json\/wp\/v2\/media?parent=522"}],"curies":[{"name":"wp","href":"https:\/\/api.w.org\/{rel}","templated":true}]}}