{"id":525,"date":"2024-03-07T11:39:36","date_gmt":"2024-03-07T10:39:36","guid":{"rendered":"https:\/\/tree-elements.com\/o-nama\/"},"modified":"2024-09-05T11:20:38","modified_gmt":"2024-09-05T09:20:38","slug":"o-nama","status":"publish","type":"page","link":"https:\/\/tree-elements.com\/hr\/o-nama\/","title":{"rendered":"O nama"},"content":{"rendered":"<h2 class=\"mb-4 mb-md-5\">Na\u0161a vizija<\/h2>\n<p class=\"mb-4 mb-md-5\">Smje\u0161ten unutar netaknute \u0161ume u blizini Rastoka i Slunja, uz rijeku Koranu, Tree Elements s i\u0161\u010dekuje sve koji tra\u017ee pravi odmor.<br \/>\n<\/span><span style=\"font-weight: 400;\">Na\u0161a je vizija stvaranje \u201ceco-kind\u201d uto\u010di\u0161ta te na\u0161a predanost \u0161umi s idejom da se ne\u0161to vrati i ljudima te majci prirodi. \u017deljeli smo graditi od materijala lokalnog porijekla, ali na\u0161a ideja se\u017ee daleko dalje od izgradnje. Tree Elements projekt pri\u010da je o zajednici, ljepoti, inspiraciji, umjetnosti i o\u010duvanju.<\/p>\n","protected":false},"excerpt":{"rendered":"<p>Na\u0161a vizija Smje\u0161ten unutar netaknute \u0161ume u blizini Rastoka i Slunja, uz rijeku Koranu, Tree Elements s i\u0161\u010dekuje sve koji tra\u017ee pravi odmor. Na\u0161a je vizija stvaranje \u201ceco-kind\u201d uto\u010di\u0161ta te na\u0161a predanost \u0161umi s idejom da se ne\u0161to vrati i ljudima te majci prirodi. \u017deljeli smo graditi od materijala lokalnog porijekla, ali na\u0161a ideja se\u017ee [&#8230;]<\/p>\n<p><a class=\"btn btn-secondary virtualna-read-more-link\" href=\"https:\/\/tree-elements.com\/hr\/o-nama\/\">Read More&#8230;<span class=\"screen-reader-text\"> from O nama<\/span><\/a><\/p>\n","protected":false},"author":1,"featured_media":558,"parent":0,"menu_order":0,"comment_status":"closed","ping_status":"closed","template":"page-templates\/about.php","meta":{"_acf_changed":false,"footnotes":""},"class_list":["post-525","page","type-page","status-publish","has-post-thumbnail","hentry"],"acf":[],"yoast_head":"<!-- This site is optimized with the Yoast SEO plugin v25.5 - https:\/\/yoast.com\/wordpress\/plugins\/seo\/ -->\n<title>O nama - Tree Elements<\/title>\n<meta name=\"description\" content=\"Upoznajte Tree Elements projekt, smje\u0161ten u Rastokama, Hrvatska. Saznajte kako mijenjamo putovanja i poti\u010demo odr\u017eivost.\" \/>\n<meta name=\"robots\" content=\"index, follow, max-snippet:-1, max-image-preview:large, max-video-preview:-1\" \/>\n<link rel=\"canonical\" href=\"https:\/\/tree-elements.com\/hr\/o-nama\/\" \/>\n<meta property=\"og:locale\" content=\"hr_HR\" \/>\n<meta property=\"og:type\" content=\"article\" \/>\n<meta property=\"og:title\" content=\"O nama - Tree Elements\" \/>\n<meta property=\"og:description\" content=\"Upoznajte Tree Elements projekt, smje\u0161ten u Rastokama, Hrvatska. Saznajte kako mijenjamo putovanja i poti\u010demo odr\u017eivost.\" \/>\n<meta property=\"og:url\" content=\"https:\/\/tree-elements.com\/hr\/o-nama\/\" \/>\n<meta property=\"og:site_name\" content=\"Tree Elements\" \/>\n<meta property=\"article:publisher\" content=\"https:\/\/www.facebook.com\/treelements\" \/>\n<meta property=\"article:modified_time\" content=\"2024-09-05T09:20:38+00:00\" \/>\n<meta property=\"og:image\" content=\"https:\/\/tree-elements.com\/wp-content\/uploads\/2024\/03\/Hero-image-1-1.jpg\" \/>\n\t<meta property=\"og:image:width\" content=\"1920\" \/>\n\t<meta property=\"og:image:height\" content=\"552\" \/>\n\t<meta property=\"og:image:type\" content=\"image\/jpeg\" \/>\n<meta name=\"twitter:card\" content=\"summary_large_image\" \/>\n<meta name=\"twitter:label1\" content=\"Procijenjeno vrijeme \u010ditanja\" \/>\n\t<meta name=\"twitter:data1\" content=\"1 minuta\" \/>\n<script type=\"application\/ld+json\" class=\"yoast-schema-graph\">{\"@context\":\"https:\/\/schema.org\",\"@graph\":[{\"@type\":\"WebPage\",\"@id\":\"https:\/\/tree-elements.com\/hr\/o-nama\/\",\"url\":\"https:\/\/tree-elements.com\/hr\/o-nama\/\",\"name\":\"O nama - Tree Elements\",\"isPartOf\":{\"@id\":\"https:\/\/tree-elements.com\/#website\"},\"primaryImageOfPage\":{\"@id\":\"https:\/\/tree-elements.com\/hr\/o-nama\/#primaryimage\"},\"image\":{\"@id\":\"https:\/\/tree-elements.com\/hr\/o-nama\/#primaryimage\"},\"thumbnailUrl\":\"https:\/\/tree-elements.com\/wp-content\/uploads\/2024\/03\/Hero-image-1-1.jpg\",\"datePublished\":\"2024-03-07T10:39:36+00:00\",\"dateModified\":\"2024-09-05T09:20:38+00:00\",\"description\":\"Upoznajte Tree Elements projekt, smje\u0161ten u Rastokama, Hrvatska. Saznajte kako mijenjamo putovanja i poti\u010demo odr\u017eivost.\",\"breadcrumb\":{\"@id\":\"https:\/\/tree-elements.com\/hr\/o-nama\/#breadcrumb\"},\"inLanguage\":\"hr\",\"potentialAction\":[{\"@type\":\"ReadAction\",\"target\":[\"https:\/\/tree-elements.com\/hr\/o-nama\/\"]}]},{\"@type\":\"ImageObject\",\"inLanguage\":\"hr\",\"@id\":\"https:\/\/tree-elements.com\/hr\/o-nama\/#primaryimage\",\"url\":\"https:\/\/tree-elements.com\/wp-content\/uploads\/2024\/03\/Hero-image-1-1.jpg\",\"contentUrl\":\"https:\/\/tree-elements.com\/wp-content\/uploads\/2024\/03\/Hero-image-1-1.jpg\",\"width\":1920,\"height\":552},{\"@type\":\"BreadcrumbList\",\"@id\":\"https:\/\/tree-elements.com\/hr\/o-nama\/#breadcrumb\",\"itemListElement\":[{\"@type\":\"ListItem\",\"position\":1,\"name\":\"Home\",\"item\":\"https:\/\/tree-elements.com\/hr\/\"},{\"@type\":\"ListItem\",\"position\":2,\"name\":\"O nama\"}]},{\"@type\":\"WebSite\",\"@id\":\"https:\/\/tree-elements.com\/#website\",\"url\":\"https:\/\/tree-elements.com\/\",\"name\":\"Tree Elements\",\"description\":\"\",\"publisher\":{\"@id\":\"https:\/\/tree-elements.com\/#organization\"},\"potentialAction\":[{\"@type\":\"SearchAction\",\"target\":{\"@type\":\"EntryPoint\",\"urlTemplate\":\"https:\/\/tree-elements.com\/?s={search_term_string}\"},\"query-input\":{\"@type\":\"PropertyValueSpecification\",\"valueRequired\":true,\"valueName\":\"search_term_string\"}}],\"inLanguage\":\"hr\"},{\"@type\":\"Organization\",\"@id\":\"https:\/\/tree-elements.com\/#organization\",\"name\":\"Tree Elements\",\"url\":\"https:\/\/tree-elements.com\/\",\"logo\":{\"@type\":\"ImageObject\",\"inLanguage\":\"hr\",\"@id\":\"https:\/\/tree-elements.com\/#\/schema\/logo\/image\/\",\"url\":\"https:\/\/tree-elements.com\/wp-content\/uploads\/2024\/03\/tree-elements-favicon.png\",\"contentUrl\":\"https:\/\/tree-elements.com\/wp-content\/uploads\/2024\/03\/tree-elements-favicon.png\",\"width\":64,\"height\":64,\"caption\":\"Tree Elements\"},\"image\":{\"@id\":\"https:\/\/tree-elements.com\/#\/schema\/logo\/image\/\"},\"sameAs\":[\"https:\/\/www.facebook.com\/treelements\",\"https:\/\/www.instagram.com\/tree.elements\/?hl=hr\"]}]}<\/script>\n<!-- \/ Yoast SEO plugin. -->","yoast_head_json":{"title":"O nama - Tree Elements","description":"Upoznajte Tree Elements projekt, smje\u0161ten u Rastokama, Hrvatska. Saznajte kako mijenjamo putovanja i poti\u010demo odr\u017eivost.","robots":{"index":"index","follow":"follow","max-snippet":"max-snippet:-1","max-image-preview":"max-image-preview:large","max-video-preview":"max-video-preview:-1"},"canonical":"https:\/\/tree-elements.com\/hr\/o-nama\/","og_locale":"hr_HR","og_type":"article","og_title":"O nama - Tree Elements","og_description":"Upoznajte Tree Elements projekt, smje\u0161ten u Rastokama, Hrvatska. Saznajte kako mijenjamo putovanja i poti\u010demo odr\u017eivost.","og_url":"https:\/\/tree-elements.com\/hr\/o-nama\/","og_site_name":"Tree Elements","article_publisher":"https:\/\/www.facebook.com\/treelements","article_modified_time":"2024-09-05T09:20:38+00:00","og_image":[{"width":1920,"height":552,"url":"https:\/\/tree-elements.com\/wp-content\/uploads\/2024\/03\/Hero-image-1-1.jpg","type":"image\/jpeg"}],"twitter_card":"summary_large_image","twitter_misc":{"Procijenjeno vrijeme \u010ditanja":"1 minuta"},"schema":{"@context":"https:\/\/schema.org","@graph":[{"@type":"WebPage","@id":"https:\/\/tree-elements.com\/hr\/o-nama\/","url":"https:\/\/tree-elements.com\/hr\/o-nama\/","name":"O nama - Tree Elements","isPartOf":{"@id":"https:\/\/tree-elements.com\/#website"},"primaryImageOfPage":{"@id":"https:\/\/tree-elements.com\/hr\/o-nama\/#primaryimage"},"image":{"@id":"https:\/\/tree-elements.com\/hr\/o-nama\/#primaryimage"},"thumbnailUrl":"https:\/\/tree-elements.com\/wp-content\/uploads\/2024\/03\/Hero-image-1-1.jpg","datePublished":"2024-03-07T10:39:36+00:00","dateModified":"2024-09-05T09:20:38+00:00","description":"Upoznajte Tree Elements projekt, smje\u0161ten u Rastokama, Hrvatska. Saznajte kako mijenjamo putovanja i poti\u010demo odr\u017eivost.","breadcrumb":{"@id":"https:\/\/tree-elements.com\/hr\/o-nama\/#breadcrumb"},"inLanguage":"hr","potentialAction":[{"@type":"ReadAction","target":["https:\/\/tree-elements.com\/hr\/o-nama\/"]}]},{"@type":"ImageObject","inLanguage":"hr","@id":"https:\/\/tree-elements.com\/hr\/o-nama\/#primaryimage","url":"https:\/\/tree-elements.com\/wp-content\/uploads\/2024\/03\/Hero-image-1-1.jpg","contentUrl":"https:\/\/tree-elements.com\/wp-content\/uploads\/2024\/03\/Hero-image-1-1.jpg","width":1920,"height":552},{"@type":"BreadcrumbList","@id":"https:\/\/tree-elements.com\/hr\/o-nama\/#breadcrumb","itemListElement":[{"@type":"ListItem","position":1,"name":"Home","item":"https:\/\/tree-elements.com\/hr\/"},{"@type":"ListItem","position":2,"name":"O nama"}]},{"@type":"WebSite","@id":"https:\/\/tree-elements.com\/#website","url":"https:\/\/tree-elements.com\/","name":"Tree Elements","description":"","publisher":{"@id":"https:\/\/tree-elements.com\/#organization"},"potentialAction":[{"@type":"SearchAction","target":{"@type":"EntryPoint","urlTemplate":"https:\/\/tree-elements.com\/?s={search_term_string}"},"query-input":{"@type":"PropertyValueSpecification","valueRequired":true,"valueName":"search_term_string"}}],"inLanguage":"hr"},{"@type":"Organization","@id":"https:\/\/tree-elements.com\/#organization","name":"Tree Elements","url":"https:\/\/tree-elements.com\/","logo":{"@type":"ImageObject","inLanguage":"hr","@id":"https:\/\/tree-elements.com\/#\/schema\/logo\/image\/","url":"https:\/\/tree-elements.com\/wp-content\/uploads\/2024\/03\/tree-elements-favicon.png","contentUrl":"https:\/\/tree-elements.com\/wp-content\/uploads\/2024\/03\/tree-elements-favicon.png","width":64,"height":64,"caption":"Tree Elements"},"image":{"@id":"https:\/\/tree-elements.com\/#\/schema\/logo\/image\/"},"sameAs":["https:\/\/www.facebook.com\/treelements","https:\/\/www.instagram.com\/tree.elements\/?hl=hr"]}]}},"_links":{"self":[{"href":"https:\/\/tree-elements.com\/hr\/wp-json\/wp\/v2\/pages\/525","targetHints":{"allow":["GET"]}}],"collection":[{"href":"https:\/\/tree-elements.com\/hr\/wp-json\/wp\/v2\/pages"}],"about":[{"href":"https:\/\/tree-elements.com\/hr\/wp-json\/wp\/v2\/types\/page"}],"author":[{"embeddable":true,"href":"https:\/\/tree-elements.com\/hr\/wp-json\/wp\/v2\/users\/1"}],"replies":[{"embeddable":true,"href":"https:\/\/tree-elements.com\/hr\/wp-json\/wp\/v2\/comments?post=525"}],"version-history":[{"count":11,"href":"https:\/\/tree-elements.com\/hr\/wp-json\/wp\/v2\/pages\/525\/revisions"}],"predecessor-version":[{"id":1097,"href":"https:\/\/tree-elements.com\/hr\/wp-json\/wp\/v2\/pages\/525\/revisions\/1097"}],"wp:featuredmedia":[{"embeddable":true,"href":"https:\/\/tree-elements.com\/hr\/wp-json\/wp\/v2\/media\/558"}],"wp:attachment":[{"href":"https:\/\/tree-elements.com\/hr\/wp-json\/wp\/v2\/media?parent=525"}],"curies":[{"name":"wp","href":"https:\/\/api.w.org\/{rel}","templated":true}]}}