{"id":529,"date":"2024-03-07T14:29:06","date_gmt":"2024-03-07T13:29:06","guid":{"rendered":"https:\/\/tree-elements.com\/kontakt\/"},"modified":"2024-07-31T13:29:54","modified_gmt":"2024-07-31T11:29:54","slug":"kontakt","status":"publish","type":"page","link":"https:\/\/tree-elements.com\/hr\/kontakt\/","title":{"rendered":"Kontakt"},"content":{"rendered":"<h2 class=\"mb-4 mb-md-5\">Kontaktiraj nas<\/h2>\n<p>Tree Elements<\/p>\n<p><a href=\"mailto:hello@tree-elements.com\">hello@tree-elements.com<\/a><\/p>\n<p><a href=\"tel:%20+385%2098%209340%20505\">+385 98 9340 505<\/a><\/p>\n","protected":false},"excerpt":{"rendered":"<p>Kontaktiraj nas Tree Elements hello@tree-elements.com +385 98 9340 505 [&#8230;]<\/p>\n<p><a class=\"btn btn-secondary virtualna-read-more-link\" href=\"https:\/\/tree-elements.com\/hr\/kontakt\/\">Read More&#8230;<span class=\"screen-reader-text\"> from Kontakt<\/span><\/a><\/p>\n","protected":false},"author":1,"featured_media":519,"parent":0,"menu_order":0,"comment_status":"closed","ping_status":"closed","template":"page-templates\/contact.php","meta":{"_acf_changed":false,"footnotes":""},"class_list":["post-529","page","type-page","status-publish","has-post-thumbnail","hentry"],"acf":[],"yoast_head":"<!-- This site is optimized with the Yoast SEO plugin v25.5 - https:\/\/yoast.com\/wordpress\/plugins\/seo\/ -->\n<title>Kontakt - Tree Elements<\/title>\n<meta name=\"description\" content=\"Ako imate pitanja ili \u017eelite saznati vi\u0161e o na\u0161im ku\u0107icama na drvetu u Hrvatskoj, kontaktirajte nas za dodatne informacije i detalje.\" \/>\n<meta name=\"robots\" content=\"index, follow, max-snippet:-1, max-image-preview:large, max-video-preview:-1\" \/>\n<link rel=\"canonical\" href=\"https:\/\/tree-elements.com\/hr\/kontakt\/\" \/>\n<meta property=\"og:locale\" content=\"hr_HR\" \/>\n<meta property=\"og:type\" content=\"article\" \/>\n<meta property=\"og:title\" content=\"Kontakt - Tree Elements\" \/>\n<meta property=\"og:description\" content=\"Ako imate pitanja ili \u017eelite saznati vi\u0161e o na\u0161im ku\u0107icama na drvetu u Hrvatskoj, kontaktirajte nas za dodatne informacije i detalje.\" \/>\n<meta property=\"og:url\" content=\"https:\/\/tree-elements.com\/hr\/kontakt\/\" \/>\n<meta property=\"og:site_name\" content=\"Tree Elements\" \/>\n<meta property=\"article:publisher\" content=\"https:\/\/www.facebook.com\/treelements\" \/>\n<meta property=\"article:modified_time\" content=\"2024-07-31T11:29:54+00:00\" \/>\n<meta property=\"og:image\" content=\"https:\/\/tree-elements.com\/wp-content\/uploads\/2024\/03\/Hero-image.jpg\" \/>\n\t<meta property=\"og:image:width\" content=\"1920\" \/>\n\t<meta property=\"og:image:height\" content=\"1464\" \/>\n\t<meta property=\"og:image:type\" content=\"image\/jpeg\" \/>\n<meta name=\"twitter:card\" content=\"summary_large_image\" \/>\n<meta name=\"twitter:label1\" content=\"Procijenjeno vrijeme \u010ditanja\" \/>\n\t<meta name=\"twitter:data1\" content=\"1 minuta\" \/>\n<script type=\"application\/ld+json\" class=\"yoast-schema-graph\">{\"@context\":\"https:\/\/schema.org\",\"@graph\":[{\"@type\":\"WebPage\",\"@id\":\"https:\/\/tree-elements.com\/hr\/kontakt\/\",\"url\":\"https:\/\/tree-elements.com\/hr\/kontakt\/\",\"name\":\"Kontakt - Tree Elements\",\"isPartOf\":{\"@id\":\"https:\/\/tree-elements.com\/#website\"},\"primaryImageOfPage\":{\"@id\":\"https:\/\/tree-elements.com\/hr\/kontakt\/#primaryimage\"},\"image\":{\"@id\":\"https:\/\/tree-elements.com\/hr\/kontakt\/#primaryimage\"},\"thumbnailUrl\":\"https:\/\/tree-elements.com\/wp-content\/uploads\/2024\/03\/Hero-image.jpg\",\"datePublished\":\"2024-03-07T13:29:06+00:00\",\"dateModified\":\"2024-07-31T11:29:54+00:00\",\"description\":\"Ako imate pitanja ili \u017eelite saznati vi\u0161e o na\u0161im ku\u0107icama na drvetu u Hrvatskoj, kontaktirajte nas za dodatne informacije i detalje.\",\"breadcrumb\":{\"@id\":\"https:\/\/tree-elements.com\/hr\/kontakt\/#breadcrumb\"},\"inLanguage\":\"hr\",\"potentialAction\":[{\"@type\":\"ReadAction\",\"target\":[\"https:\/\/tree-elements.com\/hr\/kontakt\/\"]}]},{\"@type\":\"ImageObject\",\"inLanguage\":\"hr\",\"@id\":\"https:\/\/tree-elements.com\/hr\/kontakt\/#primaryimage\",\"url\":\"https:\/\/tree-elements.com\/wp-content\/uploads\/2024\/03\/Hero-image.jpg\",\"contentUrl\":\"https:\/\/tree-elements.com\/wp-content\/uploads\/2024\/03\/Hero-image.jpg\",\"width\":1920,\"height\":1464},{\"@type\":\"BreadcrumbList\",\"@id\":\"https:\/\/tree-elements.com\/hr\/kontakt\/#breadcrumb\",\"itemListElement\":[{\"@type\":\"ListItem\",\"position\":1,\"name\":\"Home\",\"item\":\"https:\/\/tree-elements.com\/hr\/\"},{\"@type\":\"ListItem\",\"position\":2,\"name\":\"Kontakt\"}]},{\"@type\":\"WebSite\",\"@id\":\"https:\/\/tree-elements.com\/#website\",\"url\":\"https:\/\/tree-elements.com\/\",\"name\":\"Tree Elements\",\"description\":\"\",\"publisher\":{\"@id\":\"https:\/\/tree-elements.com\/#organization\"},\"potentialAction\":[{\"@type\":\"SearchAction\",\"target\":{\"@type\":\"EntryPoint\",\"urlTemplate\":\"https:\/\/tree-elements.com\/?s={search_term_string}\"},\"query-input\":{\"@type\":\"PropertyValueSpecification\",\"valueRequired\":true,\"valueName\":\"search_term_string\"}}],\"inLanguage\":\"hr\"},{\"@type\":\"Organization\",\"@id\":\"https:\/\/tree-elements.com\/#organization\",\"name\":\"Tree Elements\",\"url\":\"https:\/\/tree-elements.com\/\",\"logo\":{\"@type\":\"ImageObject\",\"inLanguage\":\"hr\",\"@id\":\"https:\/\/tree-elements.com\/#\/schema\/logo\/image\/\",\"url\":\"https:\/\/tree-elements.com\/wp-content\/uploads\/2024\/03\/tree-elements-favicon.png\",\"contentUrl\":\"https:\/\/tree-elements.com\/wp-content\/uploads\/2024\/03\/tree-elements-favicon.png\",\"width\":64,\"height\":64,\"caption\":\"Tree Elements\"},\"image\":{\"@id\":\"https:\/\/tree-elements.com\/#\/schema\/logo\/image\/\"},\"sameAs\":[\"https:\/\/www.facebook.com\/treelements\",\"https:\/\/www.instagram.com\/tree.elements\/?hl=hr\"]}]}<\/script>\n<!-- \/ Yoast SEO plugin. -->","yoast_head_json":{"title":"Kontakt - Tree Elements","description":"Ako imate pitanja ili \u017eelite saznati vi\u0161e o na\u0161im ku\u0107icama na drvetu u Hrvatskoj, kontaktirajte nas za dodatne informacije i detalje.","robots":{"index":"index","follow":"follow","max-snippet":"max-snippet:-1","max-image-preview":"max-image-preview:large","max-video-preview":"max-video-preview:-1"},"canonical":"https:\/\/tree-elements.com\/hr\/kontakt\/","og_locale":"hr_HR","og_type":"article","og_title":"Kontakt - Tree Elements","og_description":"Ako imate pitanja ili \u017eelite saznati vi\u0161e o na\u0161im ku\u0107icama na drvetu u Hrvatskoj, kontaktirajte nas za dodatne informacije i detalje.","og_url":"https:\/\/tree-elements.com\/hr\/kontakt\/","og_site_name":"Tree Elements","article_publisher":"https:\/\/www.facebook.com\/treelements","article_modified_time":"2024-07-31T11:29:54+00:00","og_image":[{"width":1920,"height":1464,"url":"https:\/\/tree-elements.com\/wp-content\/uploads\/2024\/03\/Hero-image.jpg","type":"image\/jpeg"}],"twitter_card":"summary_large_image","twitter_misc":{"Procijenjeno vrijeme \u010ditanja":"1 minuta"},"schema":{"@context":"https:\/\/schema.org","@graph":[{"@type":"WebPage","@id":"https:\/\/tree-elements.com\/hr\/kontakt\/","url":"https:\/\/tree-elements.com\/hr\/kontakt\/","name":"Kontakt - Tree Elements","isPartOf":{"@id":"https:\/\/tree-elements.com\/#website"},"primaryImageOfPage":{"@id":"https:\/\/tree-elements.com\/hr\/kontakt\/#primaryimage"},"image":{"@id":"https:\/\/tree-elements.com\/hr\/kontakt\/#primaryimage"},"thumbnailUrl":"https:\/\/tree-elements.com\/wp-content\/uploads\/2024\/03\/Hero-image.jpg","datePublished":"2024-03-07T13:29:06+00:00","dateModified":"2024-07-31T11:29:54+00:00","description":"Ako imate pitanja ili \u017eelite saznati vi\u0161e o na\u0161im ku\u0107icama na drvetu u Hrvatskoj, kontaktirajte nas za dodatne informacije i detalje.","breadcrumb":{"@id":"https:\/\/tree-elements.com\/hr\/kontakt\/#breadcrumb"},"inLanguage":"hr","potentialAction":[{"@type":"ReadAction","target":["https:\/\/tree-elements.com\/hr\/kontakt\/"]}]},{"@type":"ImageObject","inLanguage":"hr","@id":"https:\/\/tree-elements.com\/hr\/kontakt\/#primaryimage","url":"https:\/\/tree-elements.com\/wp-content\/uploads\/2024\/03\/Hero-image.jpg","contentUrl":"https:\/\/tree-elements.com\/wp-content\/uploads\/2024\/03\/Hero-image.jpg","width":1920,"height":1464},{"@type":"BreadcrumbList","@id":"https:\/\/tree-elements.com\/hr\/kontakt\/#breadcrumb","itemListElement":[{"@type":"ListItem","position":1,"name":"Home","item":"https:\/\/tree-elements.com\/hr\/"},{"@type":"ListItem","position":2,"name":"Kontakt"}]},{"@type":"WebSite","@id":"https:\/\/tree-elements.com\/#website","url":"https:\/\/tree-elements.com\/","name":"Tree Elements","description":"","publisher":{"@id":"https:\/\/tree-elements.com\/#organization"},"potentialAction":[{"@type":"SearchAction","target":{"@type":"EntryPoint","urlTemplate":"https:\/\/tree-elements.com\/?s={search_term_string}"},"query-input":{"@type":"PropertyValueSpecification","valueRequired":true,"valueName":"search_term_string"}}],"inLanguage":"hr"},{"@type":"Organization","@id":"https:\/\/tree-elements.com\/#organization","name":"Tree Elements","url":"https:\/\/tree-elements.com\/","logo":{"@type":"ImageObject","inLanguage":"hr","@id":"https:\/\/tree-elements.com\/#\/schema\/logo\/image\/","url":"https:\/\/tree-elements.com\/wp-content\/uploads\/2024\/03\/tree-elements-favicon.png","contentUrl":"https:\/\/tree-elements.com\/wp-content\/uploads\/2024\/03\/tree-elements-favicon.png","width":64,"height":64,"caption":"Tree Elements"},"image":{"@id":"https:\/\/tree-elements.com\/#\/schema\/logo\/image\/"},"sameAs":["https:\/\/www.facebook.com\/treelements","https:\/\/www.instagram.com\/tree.elements\/?hl=hr"]}]}},"_links":{"self":[{"href":"https:\/\/tree-elements.com\/hr\/wp-json\/wp\/v2\/pages\/529","targetHints":{"allow":["GET"]}}],"collection":[{"href":"https:\/\/tree-elements.com\/hr\/wp-json\/wp\/v2\/pages"}],"about":[{"href":"https:\/\/tree-elements.com\/hr\/wp-json\/wp\/v2\/types\/page"}],"author":[{"embeddable":true,"href":"https:\/\/tree-elements.com\/hr\/wp-json\/wp\/v2\/users\/1"}],"replies":[{"embeddable":true,"href":"https:\/\/tree-elements.com\/hr\/wp-json\/wp\/v2\/comments?post=529"}],"version-history":[{"count":3,"href":"https:\/\/tree-elements.com\/hr\/wp-json\/wp\/v2\/pages\/529\/revisions"}],"predecessor-version":[{"id":871,"href":"https:\/\/tree-elements.com\/hr\/wp-json\/wp\/v2\/pages\/529\/revisions\/871"}],"wp:featuredmedia":[{"embeddable":true,"href":"https:\/\/tree-elements.com\/hr\/wp-json\/wp\/v2\/media\/519"}],"wp:attachment":[{"href":"https:\/\/tree-elements.com\/hr\/wp-json\/wp\/v2\/media?parent=529"}],"curies":[{"name":"wp","href":"https:\/\/api.w.org\/{rel}","templated":true}]}}