{"id":533,"date":"2024-03-07T14:28:50","date_gmt":"2024-03-07T13:28:50","guid":{"rendered":"https:\/\/tree-elements.com\/kickstarter-ambassadors\/"},"modified":"2024-08-27T10:53:35","modified_gmt":"2024-08-27T08:53:35","slug":"kickstarter-ambasadori","status":"publish","type":"page","link":"https:\/\/tree-elements.com\/hr\/kickstarter-ambasadori\/","title":{"rendered":"Kickstarter i Ambasadori"},"content":{"rendered":"<h2 class=\"mb-4 mb-md-5\">Kickstarter<\/h2>\n<p class=\"mb-4 mb-md-5\">U stvaranju projekta sudjelovalo je 606 podupiratelja iz cijeloga svijeta. Na\u0161a zajednica raste iz dana u dan i poti\u010de nas na jo\u0161 ve\u0107e napore u ostvarivanju na\u0161ih ciljeva. Zahvaljuju\u0107i podr\u0161ci Kickstarter zajednice, uspjeli smo prikupiti 77.000$ u samo 30 dana, \u0161to je omogu\u0107ilo izgradnju Tree Elements retreata. Posadili smo i vi\u0161e od 100 stabala te izgradili ku\u0107ice za ptice i hotele za kukce koji su danas dio na\u0161eg prekrasnog okoli\u0161a. Doprinos Kickstarter zajednice ozna\u010dio je veliki korak prema ostvarenju na\u0161eg sna.   <\/p>\n","protected":false},"excerpt":{"rendered":"<p>Kickstarter U stvaranju projekta sudjelovalo je 606 podupiratelja iz cijeloga svijeta. Na\u0161a zajednica raste iz dana u dan i poti\u010de nas na jo\u0161 ve\u0107e napore u ostvarivanju na\u0161ih ciljeva. Zahvaljuju\u0107i podr\u0161ci Kickstarter zajednice, uspjeli smo prikupiti 77.000$ u samo 30 dana, \u0161to je omogu\u0107ilo izgradnju Tree Elements retreata. Posadili smo i vi\u0161e od 100 stabala [&#8230;]<\/p>\n<p><a class=\"btn btn-secondary virtualna-read-more-link\" href=\"https:\/\/tree-elements.com\/hr\/kickstarter-ambasadori\/\">Read More&#8230;<span class=\"screen-reader-text\"> from Kickstarter i Ambasadori<\/span><\/a><\/p>\n","protected":false},"author":1,"featured_media":450,"parent":0,"menu_order":0,"comment_status":"closed","ping_status":"closed","template":"page-templates\/kickstarter.php","meta":{"_acf_changed":false,"footnotes":""},"class_list":["post-533","page","type-page","status-publish","has-post-thumbnail","hentry"],"acf":[],"yoast_head":"<!-- This site is optimized with the Yoast SEO plugin v25.5 - https:\/\/yoast.com\/wordpress\/plugins\/seo\/ -->\n<title>Kickstarter &amp; Ambasadori - Tree Elements<\/title>\n<meta name=\"description\" content=\"Istra\u017eite pri\u010du iza na\u0161eg uspje\u0161nog Kickstarter projekta. Uz podr\u0161ku zajednice i ambasadora, pretvorili smo na\u0161 san u stvarnost.\" \/>\n<meta name=\"robots\" content=\"index, follow, max-snippet:-1, max-image-preview:large, max-video-preview:-1\" \/>\n<link rel=\"canonical\" href=\"https:\/\/tree-elements.com\/hr\/kickstarter-ambasadori\/\" \/>\n<meta property=\"og:locale\" content=\"hr_HR\" \/>\n<meta property=\"og:type\" content=\"article\" \/>\n<meta property=\"og:title\" content=\"Kickstarter &amp; Ambasadori - Tree Elements\" \/>\n<meta property=\"og:description\" content=\"Istra\u017eite pri\u010du iza na\u0161eg uspje\u0161nog Kickstarter projekta. Uz podr\u0161ku zajednice i ambasadora, pretvorili smo na\u0161 san u stvarnost.\" \/>\n<meta property=\"og:url\" content=\"https:\/\/tree-elements.com\/hr\/kickstarter-ambasadori\/\" \/>\n<meta property=\"og:site_name\" content=\"Tree Elements\" \/>\n<meta property=\"article:publisher\" content=\"https:\/\/www.facebook.com\/treelements\" \/>\n<meta property=\"article:modified_time\" content=\"2024-08-27T08:53:35+00:00\" \/>\n<meta property=\"og:image\" content=\"https:\/\/tree-elements.com\/wp-content\/uploads\/2024\/03\/Hero-image-1.jpg\" \/>\n\t<meta property=\"og:image:width\" content=\"1920\" \/>\n\t<meta property=\"og:image:height\" content=\"552\" \/>\n\t<meta property=\"og:image:type\" content=\"image\/jpeg\" \/>\n<meta name=\"twitter:card\" content=\"summary_large_image\" \/>\n<meta name=\"twitter:label1\" content=\"Procijenjeno vrijeme \u010ditanja\" \/>\n\t<meta name=\"twitter:data1\" content=\"1 minuta\" \/>\n<script type=\"application\/ld+json\" class=\"yoast-schema-graph\">{\"@context\":\"https:\/\/schema.org\",\"@graph\":[{\"@type\":\"WebPage\",\"@id\":\"https:\/\/tree-elements.com\/hr\/kickstarter-ambasadori\/\",\"url\":\"https:\/\/tree-elements.com\/hr\/kickstarter-ambasadori\/\",\"name\":\"Kickstarter & Ambasadori - Tree Elements\",\"isPartOf\":{\"@id\":\"https:\/\/tree-elements.com\/#website\"},\"primaryImageOfPage\":{\"@id\":\"https:\/\/tree-elements.com\/hr\/kickstarter-ambasadori\/#primaryimage\"},\"image\":{\"@id\":\"https:\/\/tree-elements.com\/hr\/kickstarter-ambasadori\/#primaryimage\"},\"thumbnailUrl\":\"https:\/\/tree-elements.com\/wp-content\/uploads\/2024\/03\/Hero-image-1.jpg\",\"datePublished\":\"2024-03-07T13:28:50+00:00\",\"dateModified\":\"2024-08-27T08:53:35+00:00\",\"description\":\"Istra\u017eite pri\u010du iza na\u0161eg uspje\u0161nog Kickstarter projekta. Uz podr\u0161ku zajednice i ambasadora, pretvorili smo na\u0161 san u stvarnost.\",\"breadcrumb\":{\"@id\":\"https:\/\/tree-elements.com\/hr\/kickstarter-ambasadori\/#breadcrumb\"},\"inLanguage\":\"hr\",\"potentialAction\":[{\"@type\":\"ReadAction\",\"target\":[\"https:\/\/tree-elements.com\/hr\/kickstarter-ambasadori\/\"]}]},{\"@type\":\"ImageObject\",\"inLanguage\":\"hr\",\"@id\":\"https:\/\/tree-elements.com\/hr\/kickstarter-ambasadori\/#primaryimage\",\"url\":\"https:\/\/tree-elements.com\/wp-content\/uploads\/2024\/03\/Hero-image-1.jpg\",\"contentUrl\":\"https:\/\/tree-elements.com\/wp-content\/uploads\/2024\/03\/Hero-image-1.jpg\",\"width\":1920,\"height\":552},{\"@type\":\"BreadcrumbList\",\"@id\":\"https:\/\/tree-elements.com\/hr\/kickstarter-ambasadori\/#breadcrumb\",\"itemListElement\":[{\"@type\":\"ListItem\",\"position\":1,\"name\":\"Home\",\"item\":\"https:\/\/tree-elements.com\/hr\/\"},{\"@type\":\"ListItem\",\"position\":2,\"name\":\"Kickstarter i Ambasadori\"}]},{\"@type\":\"WebSite\",\"@id\":\"https:\/\/tree-elements.com\/#website\",\"url\":\"https:\/\/tree-elements.com\/\",\"name\":\"Tree Elements\",\"description\":\"\",\"publisher\":{\"@id\":\"https:\/\/tree-elements.com\/#organization\"},\"potentialAction\":[{\"@type\":\"SearchAction\",\"target\":{\"@type\":\"EntryPoint\",\"urlTemplate\":\"https:\/\/tree-elements.com\/?s={search_term_string}\"},\"query-input\":{\"@type\":\"PropertyValueSpecification\",\"valueRequired\":true,\"valueName\":\"search_term_string\"}}],\"inLanguage\":\"hr\"},{\"@type\":\"Organization\",\"@id\":\"https:\/\/tree-elements.com\/#organization\",\"name\":\"Tree Elements\",\"url\":\"https:\/\/tree-elements.com\/\",\"logo\":{\"@type\":\"ImageObject\",\"inLanguage\":\"hr\",\"@id\":\"https:\/\/tree-elements.com\/#\/schema\/logo\/image\/\",\"url\":\"https:\/\/tree-elements.com\/wp-content\/uploads\/2024\/03\/tree-elements-favicon.png\",\"contentUrl\":\"https:\/\/tree-elements.com\/wp-content\/uploads\/2024\/03\/tree-elements-favicon.png\",\"width\":64,\"height\":64,\"caption\":\"Tree Elements\"},\"image\":{\"@id\":\"https:\/\/tree-elements.com\/#\/schema\/logo\/image\/\"},\"sameAs\":[\"https:\/\/www.facebook.com\/treelements\",\"https:\/\/www.instagram.com\/tree.elements\/?hl=hr\"]}]}<\/script>\n<!-- \/ Yoast SEO plugin. -->","yoast_head_json":{"title":"Kickstarter & Ambasadori - Tree Elements","description":"Istra\u017eite pri\u010du iza na\u0161eg uspje\u0161nog Kickstarter projekta. Uz podr\u0161ku zajednice i ambasadora, pretvorili smo na\u0161 san u stvarnost.","robots":{"index":"index","follow":"follow","max-snippet":"max-snippet:-1","max-image-preview":"max-image-preview:large","max-video-preview":"max-video-preview:-1"},"canonical":"https:\/\/tree-elements.com\/hr\/kickstarter-ambasadori\/","og_locale":"hr_HR","og_type":"article","og_title":"Kickstarter & Ambasadori - Tree Elements","og_description":"Istra\u017eite pri\u010du iza na\u0161eg uspje\u0161nog Kickstarter projekta. Uz podr\u0161ku zajednice i ambasadora, pretvorili smo na\u0161 san u stvarnost.","og_url":"https:\/\/tree-elements.com\/hr\/kickstarter-ambasadori\/","og_site_name":"Tree Elements","article_publisher":"https:\/\/www.facebook.com\/treelements","article_modified_time":"2024-08-27T08:53:35+00:00","og_image":[{"width":1920,"height":552,"url":"https:\/\/tree-elements.com\/wp-content\/uploads\/2024\/03\/Hero-image-1.jpg","type":"image\/jpeg"}],"twitter_card":"summary_large_image","twitter_misc":{"Procijenjeno vrijeme \u010ditanja":"1 minuta"},"schema":{"@context":"https:\/\/schema.org","@graph":[{"@type":"WebPage","@id":"https:\/\/tree-elements.com\/hr\/kickstarter-ambasadori\/","url":"https:\/\/tree-elements.com\/hr\/kickstarter-ambasadori\/","name":"Kickstarter & Ambasadori - Tree Elements","isPartOf":{"@id":"https:\/\/tree-elements.com\/#website"},"primaryImageOfPage":{"@id":"https:\/\/tree-elements.com\/hr\/kickstarter-ambasadori\/#primaryimage"},"image":{"@id":"https:\/\/tree-elements.com\/hr\/kickstarter-ambasadori\/#primaryimage"},"thumbnailUrl":"https:\/\/tree-elements.com\/wp-content\/uploads\/2024\/03\/Hero-image-1.jpg","datePublished":"2024-03-07T13:28:50+00:00","dateModified":"2024-08-27T08:53:35+00:00","description":"Istra\u017eite pri\u010du iza na\u0161eg uspje\u0161nog Kickstarter projekta. Uz podr\u0161ku zajednice i ambasadora, pretvorili smo na\u0161 san u stvarnost.","breadcrumb":{"@id":"https:\/\/tree-elements.com\/hr\/kickstarter-ambasadori\/#breadcrumb"},"inLanguage":"hr","potentialAction":[{"@type":"ReadAction","target":["https:\/\/tree-elements.com\/hr\/kickstarter-ambasadori\/"]}]},{"@type":"ImageObject","inLanguage":"hr","@id":"https:\/\/tree-elements.com\/hr\/kickstarter-ambasadori\/#primaryimage","url":"https:\/\/tree-elements.com\/wp-content\/uploads\/2024\/03\/Hero-image-1.jpg","contentUrl":"https:\/\/tree-elements.com\/wp-content\/uploads\/2024\/03\/Hero-image-1.jpg","width":1920,"height":552},{"@type":"BreadcrumbList","@id":"https:\/\/tree-elements.com\/hr\/kickstarter-ambasadori\/#breadcrumb","itemListElement":[{"@type":"ListItem","position":1,"name":"Home","item":"https:\/\/tree-elements.com\/hr\/"},{"@type":"ListItem","position":2,"name":"Kickstarter i Ambasadori"}]},{"@type":"WebSite","@id":"https:\/\/tree-elements.com\/#website","url":"https:\/\/tree-elements.com\/","name":"Tree Elements","description":"","publisher":{"@id":"https:\/\/tree-elements.com\/#organization"},"potentialAction":[{"@type":"SearchAction","target":{"@type":"EntryPoint","urlTemplate":"https:\/\/tree-elements.com\/?s={search_term_string}"},"query-input":{"@type":"PropertyValueSpecification","valueRequired":true,"valueName":"search_term_string"}}],"inLanguage":"hr"},{"@type":"Organization","@id":"https:\/\/tree-elements.com\/#organization","name":"Tree Elements","url":"https:\/\/tree-elements.com\/","logo":{"@type":"ImageObject","inLanguage":"hr","@id":"https:\/\/tree-elements.com\/#\/schema\/logo\/image\/","url":"https:\/\/tree-elements.com\/wp-content\/uploads\/2024\/03\/tree-elements-favicon.png","contentUrl":"https:\/\/tree-elements.com\/wp-content\/uploads\/2024\/03\/tree-elements-favicon.png","width":64,"height":64,"caption":"Tree Elements"},"image":{"@id":"https:\/\/tree-elements.com\/#\/schema\/logo\/image\/"},"sameAs":["https:\/\/www.facebook.com\/treelements","https:\/\/www.instagram.com\/tree.elements\/?hl=hr"]}]}},"_links":{"self":[{"href":"https:\/\/tree-elements.com\/hr\/wp-json\/wp\/v2\/pages\/533","targetHints":{"allow":["GET"]}}],"collection":[{"href":"https:\/\/tree-elements.com\/hr\/wp-json\/wp\/v2\/pages"}],"about":[{"href":"https:\/\/tree-elements.com\/hr\/wp-json\/wp\/v2\/types\/page"}],"author":[{"embeddable":true,"href":"https:\/\/tree-elements.com\/hr\/wp-json\/wp\/v2\/users\/1"}],"replies":[{"embeddable":true,"href":"https:\/\/tree-elements.com\/hr\/wp-json\/wp\/v2\/comments?post=533"}],"version-history":[{"count":7,"href":"https:\/\/tree-elements.com\/hr\/wp-json\/wp\/v2\/pages\/533\/revisions"}],"predecessor-version":[{"id":1012,"href":"https:\/\/tree-elements.com\/hr\/wp-json\/wp\/v2\/pages\/533\/revisions\/1012"}],"wp:featuredmedia":[{"embeddable":true,"href":"https:\/\/tree-elements.com\/hr\/wp-json\/wp\/v2\/media\/450"}],"wp:attachment":[{"href":"https:\/\/tree-elements.com\/hr\/wp-json\/wp\/v2\/media?parent=533"}],"curies":[{"name":"wp","href":"https:\/\/api.w.org\/{rel}","templated":true}]}}