{"id":535,"date":"2024-03-07T14:28:42","date_gmt":"2024-03-07T13:28:42","guid":{"rendered":"https:\/\/tree-elements.com\/lokacija-aktivnosti\/"},"modified":"2024-07-31T13:21:30","modified_gmt":"2024-07-31T11:21:30","slug":"lokacija-aktivnosti","status":"publish","type":"page","link":"https:\/\/tree-elements.com\/hr\/lokacija-aktivnosti\/","title":{"rendered":"Lokacija &amp; Aktivnosti"},"content":{"rendered":"<h2 class=\"mb-4 mb-md-5\">Lokacija &amp; Aktivnosti<\/h2>\n<p>Dobrodo\u0161li u zeleno srce Hrvatske! Savr\u0161ena lokacija ako tra\u017eite adrenalin, opu\u0161tanje ili netaknute \u0161umske staze i zelene rijeke, na pravom ste mjestu!<\/p>\n<p>The property is 1h 30mins drive from the capital city, Zagreb, and its international airport.<\/p>\n<p>Prona\u0111i nas na karti: <a href=\"https:\/\/g.co\/kgs\/61GffMS\" target=\"_blank\" rel=\"noopener\">Google Maps<\/a><\/p>\n","protected":false},"excerpt":{"rendered":"<p>Lokacija &amp; Aktivnosti Dobrodo\u0161li u zeleno srce Hrvatske! Savr\u0161ena lokacija ako tra\u017eite adrenalin, opu\u0161tanje ili netaknute \u0161umske staze i zelene rijeke, na pravom ste mjestu! The property is 1h 30mins drive from the capital city, Zagreb, and its international airport. Prona\u0111i nas na karti: Google Maps [&#8230;]<\/p>\n<p><a class=\"btn btn-secondary virtualna-read-more-link\" href=\"https:\/\/tree-elements.com\/hr\/lokacija-aktivnosti\/\">Read More&#8230;<span class=\"screen-reader-text\"> from Lokacija &amp; Aktivnosti<\/span><\/a><\/p>\n","protected":false},"author":1,"featured_media":450,"parent":0,"menu_order":0,"comment_status":"closed","ping_status":"closed","template":"page-templates\/locations.php","meta":{"_acf_changed":false,"footnotes":""},"class_list":["post-535","page","type-page","status-publish","has-post-thumbnail","hentry"],"acf":[],"yoast_head":"<!-- This site is optimized with the Yoast SEO plugin v25.5 - https:\/\/yoast.com\/wordpress\/plugins\/seo\/ -->\n<title>Lokacija &amp; Aktivnosti - Tree Elements<\/title>\n<meta name=\"description\" content=\"Istra\u017eite Plitvi\u010dka jezera, Podzemnu zrakoplovnu bazu \u017deljava, Rastoke, Dolinu Jelena i adrenalinske parkove i u blizini Tree Elements-a.\" \/>\n<meta name=\"robots\" content=\"index, follow, max-snippet:-1, max-image-preview:large, max-video-preview:-1\" \/>\n<link rel=\"canonical\" href=\"https:\/\/tree-elements.com\/hr\/lokacija-aktivnosti\/\" \/>\n<meta property=\"og:locale\" content=\"hr_HR\" \/>\n<meta property=\"og:type\" content=\"article\" \/>\n<meta property=\"og:title\" content=\"Lokacija &amp; Aktivnosti - Tree Elements\" \/>\n<meta property=\"og:description\" content=\"Istra\u017eite Plitvi\u010dka jezera, Podzemnu zrakoplovnu bazu \u017deljava, Rastoke, Dolinu Jelena i adrenalinske parkove i u blizini Tree Elements-a.\" \/>\n<meta property=\"og:url\" content=\"https:\/\/tree-elements.com\/hr\/lokacija-aktivnosti\/\" \/>\n<meta property=\"og:site_name\" content=\"Tree Elements\" \/>\n<meta property=\"article:publisher\" content=\"https:\/\/www.facebook.com\/treelements\" \/>\n<meta property=\"article:modified_time\" content=\"2024-07-31T11:21:30+00:00\" \/>\n<meta property=\"og:image\" content=\"https:\/\/tree-elements.com\/wp-content\/uploads\/2024\/03\/Hero-image-1.jpg\" \/>\n\t<meta property=\"og:image:width\" content=\"1920\" \/>\n\t<meta property=\"og:image:height\" content=\"552\" \/>\n\t<meta property=\"og:image:type\" content=\"image\/jpeg\" \/>\n<meta name=\"twitter:card\" content=\"summary_large_image\" \/>\n<meta name=\"twitter:label1\" content=\"Procijenjeno vrijeme \u010ditanja\" \/>\n\t<meta name=\"twitter:data1\" content=\"1 minuta\" \/>\n<script type=\"application\/ld+json\" class=\"yoast-schema-graph\">{\"@context\":\"https:\/\/schema.org\",\"@graph\":[{\"@type\":\"WebPage\",\"@id\":\"https:\/\/tree-elements.com\/hr\/lokacija-aktivnosti\/\",\"url\":\"https:\/\/tree-elements.com\/hr\/lokacija-aktivnosti\/\",\"name\":\"Lokacija & Aktivnosti - Tree Elements\",\"isPartOf\":{\"@id\":\"https:\/\/tree-elements.com\/#website\"},\"primaryImageOfPage\":{\"@id\":\"https:\/\/tree-elements.com\/hr\/lokacija-aktivnosti\/#primaryimage\"},\"image\":{\"@id\":\"https:\/\/tree-elements.com\/hr\/lokacija-aktivnosti\/#primaryimage\"},\"thumbnailUrl\":\"https:\/\/tree-elements.com\/wp-content\/uploads\/2024\/03\/Hero-image-1.jpg\",\"datePublished\":\"2024-03-07T13:28:42+00:00\",\"dateModified\":\"2024-07-31T11:21:30+00:00\",\"description\":\"Istra\u017eite Plitvi\u010dka jezera, Podzemnu zrakoplovnu bazu \u017deljava, Rastoke, Dolinu Jelena i adrenalinske parkove i u blizini Tree Elements-a.\",\"breadcrumb\":{\"@id\":\"https:\/\/tree-elements.com\/hr\/lokacija-aktivnosti\/#breadcrumb\"},\"inLanguage\":\"hr\",\"potentialAction\":[{\"@type\":\"ReadAction\",\"target\":[\"https:\/\/tree-elements.com\/hr\/lokacija-aktivnosti\/\"]}]},{\"@type\":\"ImageObject\",\"inLanguage\":\"hr\",\"@id\":\"https:\/\/tree-elements.com\/hr\/lokacija-aktivnosti\/#primaryimage\",\"url\":\"https:\/\/tree-elements.com\/wp-content\/uploads\/2024\/03\/Hero-image-1.jpg\",\"contentUrl\":\"https:\/\/tree-elements.com\/wp-content\/uploads\/2024\/03\/Hero-image-1.jpg\",\"width\":1920,\"height\":552},{\"@type\":\"BreadcrumbList\",\"@id\":\"https:\/\/tree-elements.com\/hr\/lokacija-aktivnosti\/#breadcrumb\",\"itemListElement\":[{\"@type\":\"ListItem\",\"position\":1,\"name\":\"Home\",\"item\":\"https:\/\/tree-elements.com\/hr\/\"},{\"@type\":\"ListItem\",\"position\":2,\"name\":\"Lokacija &amp; Aktivnosti\"}]},{\"@type\":\"WebSite\",\"@id\":\"https:\/\/tree-elements.com\/#website\",\"url\":\"https:\/\/tree-elements.com\/\",\"name\":\"Tree Elements\",\"description\":\"\",\"publisher\":{\"@id\":\"https:\/\/tree-elements.com\/#organization\"},\"potentialAction\":[{\"@type\":\"SearchAction\",\"target\":{\"@type\":\"EntryPoint\",\"urlTemplate\":\"https:\/\/tree-elements.com\/?s={search_term_string}\"},\"query-input\":{\"@type\":\"PropertyValueSpecification\",\"valueRequired\":true,\"valueName\":\"search_term_string\"}}],\"inLanguage\":\"hr\"},{\"@type\":\"Organization\",\"@id\":\"https:\/\/tree-elements.com\/#organization\",\"name\":\"Tree Elements\",\"url\":\"https:\/\/tree-elements.com\/\",\"logo\":{\"@type\":\"ImageObject\",\"inLanguage\":\"hr\",\"@id\":\"https:\/\/tree-elements.com\/#\/schema\/logo\/image\/\",\"url\":\"https:\/\/tree-elements.com\/wp-content\/uploads\/2024\/03\/tree-elements-favicon.png\",\"contentUrl\":\"https:\/\/tree-elements.com\/wp-content\/uploads\/2024\/03\/tree-elements-favicon.png\",\"width\":64,\"height\":64,\"caption\":\"Tree Elements\"},\"image\":{\"@id\":\"https:\/\/tree-elements.com\/#\/schema\/logo\/image\/\"},\"sameAs\":[\"https:\/\/www.facebook.com\/treelements\",\"https:\/\/www.instagram.com\/tree.elements\/?hl=hr\"]}]}<\/script>\n<!-- \/ Yoast SEO plugin. -->","yoast_head_json":{"title":"Lokacija & Aktivnosti - Tree Elements","description":"Istra\u017eite Plitvi\u010dka jezera, Podzemnu zrakoplovnu bazu \u017deljava, Rastoke, Dolinu Jelena i adrenalinske parkove i u blizini Tree Elements-a.","robots":{"index":"index","follow":"follow","max-snippet":"max-snippet:-1","max-image-preview":"max-image-preview:large","max-video-preview":"max-video-preview:-1"},"canonical":"https:\/\/tree-elements.com\/hr\/lokacija-aktivnosti\/","og_locale":"hr_HR","og_type":"article","og_title":"Lokacija & Aktivnosti - Tree Elements","og_description":"Istra\u017eite Plitvi\u010dka jezera, Podzemnu zrakoplovnu bazu \u017deljava, Rastoke, Dolinu Jelena i adrenalinske parkove i u blizini Tree Elements-a.","og_url":"https:\/\/tree-elements.com\/hr\/lokacija-aktivnosti\/","og_site_name":"Tree Elements","article_publisher":"https:\/\/www.facebook.com\/treelements","article_modified_time":"2024-07-31T11:21:30+00:00","og_image":[{"width":1920,"height":552,"url":"https:\/\/tree-elements.com\/wp-content\/uploads\/2024\/03\/Hero-image-1.jpg","type":"image\/jpeg"}],"twitter_card":"summary_large_image","twitter_misc":{"Procijenjeno vrijeme \u010ditanja":"1 minuta"},"schema":{"@context":"https:\/\/schema.org","@graph":[{"@type":"WebPage","@id":"https:\/\/tree-elements.com\/hr\/lokacija-aktivnosti\/","url":"https:\/\/tree-elements.com\/hr\/lokacija-aktivnosti\/","name":"Lokacija & Aktivnosti - Tree Elements","isPartOf":{"@id":"https:\/\/tree-elements.com\/#website"},"primaryImageOfPage":{"@id":"https:\/\/tree-elements.com\/hr\/lokacija-aktivnosti\/#primaryimage"},"image":{"@id":"https:\/\/tree-elements.com\/hr\/lokacija-aktivnosti\/#primaryimage"},"thumbnailUrl":"https:\/\/tree-elements.com\/wp-content\/uploads\/2024\/03\/Hero-image-1.jpg","datePublished":"2024-03-07T13:28:42+00:00","dateModified":"2024-07-31T11:21:30+00:00","description":"Istra\u017eite Plitvi\u010dka jezera, Podzemnu zrakoplovnu bazu \u017deljava, Rastoke, Dolinu Jelena i adrenalinske parkove i u blizini Tree Elements-a.","breadcrumb":{"@id":"https:\/\/tree-elements.com\/hr\/lokacija-aktivnosti\/#breadcrumb"},"inLanguage":"hr","potentialAction":[{"@type":"ReadAction","target":["https:\/\/tree-elements.com\/hr\/lokacija-aktivnosti\/"]}]},{"@type":"ImageObject","inLanguage":"hr","@id":"https:\/\/tree-elements.com\/hr\/lokacija-aktivnosti\/#primaryimage","url":"https:\/\/tree-elements.com\/wp-content\/uploads\/2024\/03\/Hero-image-1.jpg","contentUrl":"https:\/\/tree-elements.com\/wp-content\/uploads\/2024\/03\/Hero-image-1.jpg","width":1920,"height":552},{"@type":"BreadcrumbList","@id":"https:\/\/tree-elements.com\/hr\/lokacija-aktivnosti\/#breadcrumb","itemListElement":[{"@type":"ListItem","position":1,"name":"Home","item":"https:\/\/tree-elements.com\/hr\/"},{"@type":"ListItem","position":2,"name":"Lokacija &amp; Aktivnosti"}]},{"@type":"WebSite","@id":"https:\/\/tree-elements.com\/#website","url":"https:\/\/tree-elements.com\/","name":"Tree Elements","description":"","publisher":{"@id":"https:\/\/tree-elements.com\/#organization"},"potentialAction":[{"@type":"SearchAction","target":{"@type":"EntryPoint","urlTemplate":"https:\/\/tree-elements.com\/?s={search_term_string}"},"query-input":{"@type":"PropertyValueSpecification","valueRequired":true,"valueName":"search_term_string"}}],"inLanguage":"hr"},{"@type":"Organization","@id":"https:\/\/tree-elements.com\/#organization","name":"Tree Elements","url":"https:\/\/tree-elements.com\/","logo":{"@type":"ImageObject","inLanguage":"hr","@id":"https:\/\/tree-elements.com\/#\/schema\/logo\/image\/","url":"https:\/\/tree-elements.com\/wp-content\/uploads\/2024\/03\/tree-elements-favicon.png","contentUrl":"https:\/\/tree-elements.com\/wp-content\/uploads\/2024\/03\/tree-elements-favicon.png","width":64,"height":64,"caption":"Tree Elements"},"image":{"@id":"https:\/\/tree-elements.com\/#\/schema\/logo\/image\/"},"sameAs":["https:\/\/www.facebook.com\/treelements","https:\/\/www.instagram.com\/tree.elements\/?hl=hr"]}]}},"_links":{"self":[{"href":"https:\/\/tree-elements.com\/hr\/wp-json\/wp\/v2\/pages\/535","targetHints":{"allow":["GET"]}}],"collection":[{"href":"https:\/\/tree-elements.com\/hr\/wp-json\/wp\/v2\/pages"}],"about":[{"href":"https:\/\/tree-elements.com\/hr\/wp-json\/wp\/v2\/types\/page"}],"author":[{"embeddable":true,"href":"https:\/\/tree-elements.com\/hr\/wp-json\/wp\/v2\/users\/1"}],"replies":[{"embeddable":true,"href":"https:\/\/tree-elements.com\/hr\/wp-json\/wp\/v2\/comments?post=535"}],"version-history":[{"count":2,"href":"https:\/\/tree-elements.com\/hr\/wp-json\/wp\/v2\/pages\/535\/revisions"}],"predecessor-version":[{"id":867,"href":"https:\/\/tree-elements.com\/hr\/wp-json\/wp\/v2\/pages\/535\/revisions\/867"}],"wp:featuredmedia":[{"embeddable":true,"href":"https:\/\/tree-elements.com\/hr\/wp-json\/wp\/v2\/media\/450"}],"wp:attachment":[{"href":"https:\/\/tree-elements.com\/hr\/wp-json\/wp\/v2\/media?parent=535"}],"curies":[{"name":"wp","href":"https:\/\/api.w.org\/{rel}","templated":true}]}}