{"id":537,"date":"2024-03-07T14:29:02","date_gmt":"2024-03-07T13:29:02","guid":{"rendered":"https:\/\/tree-elements.com\/media\/"},"modified":"2024-08-27T10:10:39","modified_gmt":"2024-08-27T08:10:39","slug":"mediji","status":"publish","type":"page","link":"https:\/\/tree-elements.com\/hr\/mediji\/","title":{"rendered":"Mediji"},"content":{"rendered":"","protected":false},"excerpt":{"rendered":"<p> [&#8230;]<\/p>\n<p><a class=\"btn btn-secondary virtualna-read-more-link\" href=\"https:\/\/tree-elements.com\/hr\/mediji\/\">Read More&#8230;<span class=\"screen-reader-text\"> from Mediji<\/span><\/a><\/p>\n","protected":false},"author":1,"featured_media":450,"parent":0,"menu_order":0,"comment_status":"closed","ping_status":"closed","template":"page-templates\/media.php","meta":{"_acf_changed":false,"footnotes":""},"class_list":["post-537","page","type-page","status-publish","has-post-thumbnail","hentry"],"acf":[],"yoast_head":"<!-- This site is optimized with the Yoast SEO plugin v25.5 - https:\/\/yoast.com\/wordpress\/plugins\/seo\/ -->\n<title>Media - Tree Elements<\/title>\n<meta name=\"description\" content=\"Pogledajte \u0161to mediji ka\u017eu o Tree Elements projektu i budite u toku s najnovijim informacijama i doga\u0111anjima.\" \/>\n<meta name=\"robots\" content=\"index, follow, max-snippet:-1, max-image-preview:large, max-video-preview:-1\" \/>\n<link rel=\"canonical\" href=\"https:\/\/tree-elements.com\/hr\/mediji\/\" \/>\n<meta property=\"og:locale\" content=\"hr_HR\" \/>\n<meta property=\"og:type\" content=\"article\" \/>\n<meta property=\"og:title\" content=\"Media - Tree Elements\" \/>\n<meta property=\"og:description\" content=\"Pogledajte \u0161to mediji ka\u017eu o Tree Elements projektu i budite u toku s najnovijim informacijama i doga\u0111anjima.\" \/>\n<meta property=\"og:url\" content=\"https:\/\/tree-elements.com\/hr\/mediji\/\" \/>\n<meta property=\"og:site_name\" content=\"Tree Elements\" \/>\n<meta property=\"article:publisher\" content=\"https:\/\/www.facebook.com\/treelements\" \/>\n<meta property=\"article:modified_time\" content=\"2024-08-27T08:10:39+00:00\" \/>\n<meta property=\"og:image\" content=\"https:\/\/tree-elements.com\/wp-content\/uploads\/2024\/03\/Hero-image-1.jpg\" \/>\n\t<meta property=\"og:image:width\" content=\"1920\" \/>\n\t<meta property=\"og:image:height\" content=\"552\" \/>\n\t<meta property=\"og:image:type\" content=\"image\/jpeg\" \/>\n<meta name=\"twitter:card\" content=\"summary_large_image\" \/>\n<meta name=\"twitter:label1\" content=\"Procijenjeno vrijeme \u010ditanja\" \/>\n\t<meta name=\"twitter:data1\" content=\"1 minuta\" \/>\n<script type=\"application\/ld+json\" class=\"yoast-schema-graph\">{\"@context\":\"https:\/\/schema.org\",\"@graph\":[{\"@type\":\"WebPage\",\"@id\":\"https:\/\/tree-elements.com\/hr\/mediji\/\",\"url\":\"https:\/\/tree-elements.com\/hr\/mediji\/\",\"name\":\"Media - Tree Elements\",\"isPartOf\":{\"@id\":\"https:\/\/tree-elements.com\/#website\"},\"primaryImageOfPage\":{\"@id\":\"https:\/\/tree-elements.com\/hr\/mediji\/#primaryimage\"},\"image\":{\"@id\":\"https:\/\/tree-elements.com\/hr\/mediji\/#primaryimage\"},\"thumbnailUrl\":\"https:\/\/tree-elements.com\/wp-content\/uploads\/2024\/03\/Hero-image-1.jpg\",\"datePublished\":\"2024-03-07T13:29:02+00:00\",\"dateModified\":\"2024-08-27T08:10:39+00:00\",\"description\":\"Pogledajte \u0161to mediji ka\u017eu o Tree Elements projektu i budite u toku s najnovijim informacijama i doga\u0111anjima.\",\"breadcrumb\":{\"@id\":\"https:\/\/tree-elements.com\/hr\/mediji\/#breadcrumb\"},\"inLanguage\":\"hr\",\"potentialAction\":[{\"@type\":\"ReadAction\",\"target\":[\"https:\/\/tree-elements.com\/hr\/mediji\/\"]}]},{\"@type\":\"ImageObject\",\"inLanguage\":\"hr\",\"@id\":\"https:\/\/tree-elements.com\/hr\/mediji\/#primaryimage\",\"url\":\"https:\/\/tree-elements.com\/wp-content\/uploads\/2024\/03\/Hero-image-1.jpg\",\"contentUrl\":\"https:\/\/tree-elements.com\/wp-content\/uploads\/2024\/03\/Hero-image-1.jpg\",\"width\":1920,\"height\":552},{\"@type\":\"BreadcrumbList\",\"@id\":\"https:\/\/tree-elements.com\/hr\/mediji\/#breadcrumb\",\"itemListElement\":[{\"@type\":\"ListItem\",\"position\":1,\"name\":\"Home\",\"item\":\"https:\/\/tree-elements.com\/hr\/\"},{\"@type\":\"ListItem\",\"position\":2,\"name\":\"Mediji\"}]},{\"@type\":\"WebSite\",\"@id\":\"https:\/\/tree-elements.com\/#website\",\"url\":\"https:\/\/tree-elements.com\/\",\"name\":\"Tree Elements\",\"description\":\"\",\"publisher\":{\"@id\":\"https:\/\/tree-elements.com\/#organization\"},\"potentialAction\":[{\"@type\":\"SearchAction\",\"target\":{\"@type\":\"EntryPoint\",\"urlTemplate\":\"https:\/\/tree-elements.com\/?s={search_term_string}\"},\"query-input\":{\"@type\":\"PropertyValueSpecification\",\"valueRequired\":true,\"valueName\":\"search_term_string\"}}],\"inLanguage\":\"hr\"},{\"@type\":\"Organization\",\"@id\":\"https:\/\/tree-elements.com\/#organization\",\"name\":\"Tree Elements\",\"url\":\"https:\/\/tree-elements.com\/\",\"logo\":{\"@type\":\"ImageObject\",\"inLanguage\":\"hr\",\"@id\":\"https:\/\/tree-elements.com\/#\/schema\/logo\/image\/\",\"url\":\"https:\/\/tree-elements.com\/wp-content\/uploads\/2024\/03\/tree-elements-favicon.png\",\"contentUrl\":\"https:\/\/tree-elements.com\/wp-content\/uploads\/2024\/03\/tree-elements-favicon.png\",\"width\":64,\"height\":64,\"caption\":\"Tree Elements\"},\"image\":{\"@id\":\"https:\/\/tree-elements.com\/#\/schema\/logo\/image\/\"},\"sameAs\":[\"https:\/\/www.facebook.com\/treelements\",\"https:\/\/www.instagram.com\/tree.elements\/?hl=hr\"]}]}<\/script>\n<!-- \/ Yoast SEO plugin. -->","yoast_head_json":{"title":"Media - Tree Elements","description":"Pogledajte \u0161to mediji ka\u017eu o Tree Elements projektu i budite u toku s najnovijim informacijama i doga\u0111anjima.","robots":{"index":"index","follow":"follow","max-snippet":"max-snippet:-1","max-image-preview":"max-image-preview:large","max-video-preview":"max-video-preview:-1"},"canonical":"https:\/\/tree-elements.com\/hr\/mediji\/","og_locale":"hr_HR","og_type":"article","og_title":"Media - Tree Elements","og_description":"Pogledajte \u0161to mediji ka\u017eu o Tree Elements projektu i budite u toku s najnovijim informacijama i doga\u0111anjima.","og_url":"https:\/\/tree-elements.com\/hr\/mediji\/","og_site_name":"Tree Elements","article_publisher":"https:\/\/www.facebook.com\/treelements","article_modified_time":"2024-08-27T08:10:39+00:00","og_image":[{"width":1920,"height":552,"url":"https:\/\/tree-elements.com\/wp-content\/uploads\/2024\/03\/Hero-image-1.jpg","type":"image\/jpeg"}],"twitter_card":"summary_large_image","twitter_misc":{"Procijenjeno vrijeme \u010ditanja":"1 minuta"},"schema":{"@context":"https:\/\/schema.org","@graph":[{"@type":"WebPage","@id":"https:\/\/tree-elements.com\/hr\/mediji\/","url":"https:\/\/tree-elements.com\/hr\/mediji\/","name":"Media - Tree Elements","isPartOf":{"@id":"https:\/\/tree-elements.com\/#website"},"primaryImageOfPage":{"@id":"https:\/\/tree-elements.com\/hr\/mediji\/#primaryimage"},"image":{"@id":"https:\/\/tree-elements.com\/hr\/mediji\/#primaryimage"},"thumbnailUrl":"https:\/\/tree-elements.com\/wp-content\/uploads\/2024\/03\/Hero-image-1.jpg","datePublished":"2024-03-07T13:29:02+00:00","dateModified":"2024-08-27T08:10:39+00:00","description":"Pogledajte \u0161to mediji ka\u017eu o Tree Elements projektu i budite u toku s najnovijim informacijama i doga\u0111anjima.","breadcrumb":{"@id":"https:\/\/tree-elements.com\/hr\/mediji\/#breadcrumb"},"inLanguage":"hr","potentialAction":[{"@type":"ReadAction","target":["https:\/\/tree-elements.com\/hr\/mediji\/"]}]},{"@type":"ImageObject","inLanguage":"hr","@id":"https:\/\/tree-elements.com\/hr\/mediji\/#primaryimage","url":"https:\/\/tree-elements.com\/wp-content\/uploads\/2024\/03\/Hero-image-1.jpg","contentUrl":"https:\/\/tree-elements.com\/wp-content\/uploads\/2024\/03\/Hero-image-1.jpg","width":1920,"height":552},{"@type":"BreadcrumbList","@id":"https:\/\/tree-elements.com\/hr\/mediji\/#breadcrumb","itemListElement":[{"@type":"ListItem","position":1,"name":"Home","item":"https:\/\/tree-elements.com\/hr\/"},{"@type":"ListItem","position":2,"name":"Mediji"}]},{"@type":"WebSite","@id":"https:\/\/tree-elements.com\/#website","url":"https:\/\/tree-elements.com\/","name":"Tree Elements","description":"","publisher":{"@id":"https:\/\/tree-elements.com\/#organization"},"potentialAction":[{"@type":"SearchAction","target":{"@type":"EntryPoint","urlTemplate":"https:\/\/tree-elements.com\/?s={search_term_string}"},"query-input":{"@type":"PropertyValueSpecification","valueRequired":true,"valueName":"search_term_string"}}],"inLanguage":"hr"},{"@type":"Organization","@id":"https:\/\/tree-elements.com\/#organization","name":"Tree Elements","url":"https:\/\/tree-elements.com\/","logo":{"@type":"ImageObject","inLanguage":"hr","@id":"https:\/\/tree-elements.com\/#\/schema\/logo\/image\/","url":"https:\/\/tree-elements.com\/wp-content\/uploads\/2024\/03\/tree-elements-favicon.png","contentUrl":"https:\/\/tree-elements.com\/wp-content\/uploads\/2024\/03\/tree-elements-favicon.png","width":64,"height":64,"caption":"Tree Elements"},"image":{"@id":"https:\/\/tree-elements.com\/#\/schema\/logo\/image\/"},"sameAs":["https:\/\/www.facebook.com\/treelements","https:\/\/www.instagram.com\/tree.elements\/?hl=hr"]}]}},"_links":{"self":[{"href":"https:\/\/tree-elements.com\/hr\/wp-json\/wp\/v2\/pages\/537","targetHints":{"allow":["GET"]}}],"collection":[{"href":"https:\/\/tree-elements.com\/hr\/wp-json\/wp\/v2\/pages"}],"about":[{"href":"https:\/\/tree-elements.com\/hr\/wp-json\/wp\/v2\/types\/page"}],"author":[{"embeddable":true,"href":"https:\/\/tree-elements.com\/hr\/wp-json\/wp\/v2\/users\/1"}],"replies":[{"embeddable":true,"href":"https:\/\/tree-elements.com\/hr\/wp-json\/wp\/v2\/comments?post=537"}],"version-history":[{"count":2,"href":"https:\/\/tree-elements.com\/hr\/wp-json\/wp\/v2\/pages\/537\/revisions"}],"predecessor-version":[{"id":1004,"href":"https:\/\/tree-elements.com\/hr\/wp-json\/wp\/v2\/pages\/537\/revisions\/1004"}],"wp:featuredmedia":[{"embeddable":true,"href":"https:\/\/tree-elements.com\/hr\/wp-json\/wp\/v2\/media\/450"}],"wp:attachment":[{"href":"https:\/\/tree-elements.com\/hr\/wp-json\/wp\/v2\/media?parent=537"}],"curies":[{"name":"wp","href":"https:\/\/api.w.org\/{rel}","templated":true}]}}