{"id":539,"date":"2024-03-07T14:28:34","date_gmt":"2024-03-07T13:28:34","guid":{"rendered":"https:\/\/tree-elements.com\/regenerativni-turizam\/"},"modified":"2024-09-04T13:05:40","modified_gmt":"2024-09-04T11:05:40","slug":"regenerativni-turizam","status":"publish","type":"page","link":"https:\/\/tree-elements.com\/hr\/regenerativni-turizam\/","title":{"rendered":"Regenerativni turizam"},"content":{"rendered":"<h2 class=\"mb-4 mb-md-5\">Regenerativni turizam<\/h2>\n<h3><span style=\"font-weight: 400;\">O\u010duvajmo lokalno, inspirirajmo globalno <\/span><\/h3>\n<p>Regenerativni turizam novi je na\u010din putovanja koji poti\u010de ekolo\u0161ku odr\u017eivost i dru\u0161tvenu odgovornost. Umjesto da samo posjetite neko mjesto, cilj je aktivno pomo\u0107i u obnavljanju okoli\u0161a, podr\u017eati lokalne tvrtke i slaviti kulturnu raznolikost. Na taj na\u010din doprinosimo obnovi prirodnih resursa kroz <strong>recikliranje<\/strong>, smanjenje otpada, <strong>podr\u017eavamo lokalnu ekonomiju<\/strong> i <strong>promi\u010demo kulturnu raznolikost.<\/strong><br \/>\nNa\u0161 cilj je stvoriti mjesto za opu\u0161tanje gdje gosti mogu ne\u0161to nau\u010diti i povezati se s prirodom. Kroz suradnju s lokalnom zajednicom, nastojimo pru\u017eiti ugodno iskustvo posjetiteljima, ali i podr\u017eati i obogatiti zelenu zajednicu.<\/p>\n<p>U Tree Elementsu na\u0161a je misija transformirati iskustvo turizma kroz inovativne prakse i partnerske odnose s lokalnom zajednicom. \u017delimo da Tree Elements retreat bude mjesto inspiracije i obrazovanja, ali i odmora.<\/p>\n","protected":false},"excerpt":{"rendered":"<p>Regenerativni turizam O\u010duvajmo lokalno, inspirirajmo globalno Regenerativni turizam novi je na\u010din putovanja koji poti\u010de ekolo\u0161ku odr\u017eivost i dru\u0161tvenu odgovornost. Umjesto da samo posjetite neko mjesto, cilj je aktivno pomo\u0107i u obnavljanju okoli\u0161a, podr\u017eati lokalne tvrtke i slaviti kulturnu raznolikost. Na taj na\u010din doprinosimo obnovi prirodnih resursa kroz recikliranje, smanjenje otpada, podr\u017eavamo lokalnu ekonomiju i promi\u010demo [&#8230;]<\/p>\n<p><a class=\"btn btn-secondary virtualna-read-more-link\" href=\"https:\/\/tree-elements.com\/hr\/regenerativni-turizam\/\">Read More&#8230;<span class=\"screen-reader-text\"> from Regenerativni turizam<\/span><\/a><\/p>\n","protected":false},"author":1,"featured_media":450,"parent":0,"menu_order":0,"comment_status":"closed","ping_status":"closed","template":"page-templates\/regenerate-tourism.php","meta":{"_acf_changed":false,"footnotes":""},"class_list":["post-539","page","type-page","status-publish","has-post-thumbnail","hentry"],"acf":[],"yoast_head":"<!-- This site is optimized with the Yoast SEO plugin v25.5 - https:\/\/yoast.com\/wordpress\/plugins\/seo\/ -->\n<title>Regenerativni turizam - Tree Elements<\/title>\n<meta name=\"description\" content=\"Tree Elements savr\u0161ena je turisti\u010dka destinacija za va\u0161 sljede\u0107i odmor. Upoznajte se s regenerativnim turizmom i sudjelujte u o\u010duvanju okoli\u0161a.\" \/>\n<meta name=\"robots\" content=\"index, follow, max-snippet:-1, max-image-preview:large, max-video-preview:-1\" \/>\n<link rel=\"canonical\" href=\"https:\/\/tree-elements.com\/hr\/regenerativni-turizam\/\" \/>\n<meta property=\"og:locale\" content=\"hr_HR\" \/>\n<meta property=\"og:type\" content=\"article\" \/>\n<meta property=\"og:title\" content=\"Regenerativni turizam - Tree Elements\" \/>\n<meta property=\"og:description\" content=\"Tree Elements savr\u0161ena je turisti\u010dka destinacija za va\u0161 sljede\u0107i odmor. Upoznajte se s regenerativnim turizmom i sudjelujte u o\u010duvanju okoli\u0161a.\" \/>\n<meta property=\"og:url\" content=\"https:\/\/tree-elements.com\/hr\/regenerativni-turizam\/\" \/>\n<meta property=\"og:site_name\" content=\"Tree Elements\" \/>\n<meta property=\"article:publisher\" content=\"https:\/\/www.facebook.com\/treelements\" \/>\n<meta property=\"article:modified_time\" content=\"2024-09-04T11:05:40+00:00\" \/>\n<meta property=\"og:image\" content=\"https:\/\/tree-elements.com\/wp-content\/uploads\/2024\/03\/Hero-image-1.jpg\" \/>\n\t<meta property=\"og:image:width\" content=\"1920\" \/>\n\t<meta property=\"og:image:height\" content=\"552\" \/>\n\t<meta property=\"og:image:type\" content=\"image\/jpeg\" \/>\n<meta name=\"twitter:card\" content=\"summary_large_image\" \/>\n<meta name=\"twitter:label1\" content=\"Procijenjeno vrijeme \u010ditanja\" \/>\n\t<meta name=\"twitter:data1\" content=\"1 minuta\" \/>\n<script type=\"application\/ld+json\" class=\"yoast-schema-graph\">{\"@context\":\"https:\/\/schema.org\",\"@graph\":[{\"@type\":\"WebPage\",\"@id\":\"https:\/\/tree-elements.com\/hr\/regenerativni-turizam\/\",\"url\":\"https:\/\/tree-elements.com\/hr\/regenerativni-turizam\/\",\"name\":\"Regenerativni turizam - Tree Elements\",\"isPartOf\":{\"@id\":\"https:\/\/tree-elements.com\/#website\"},\"primaryImageOfPage\":{\"@id\":\"https:\/\/tree-elements.com\/hr\/regenerativni-turizam\/#primaryimage\"},\"image\":{\"@id\":\"https:\/\/tree-elements.com\/hr\/regenerativni-turizam\/#primaryimage\"},\"thumbnailUrl\":\"https:\/\/tree-elements.com\/wp-content\/uploads\/2024\/03\/Hero-image-1.jpg\",\"datePublished\":\"2024-03-07T13:28:34+00:00\",\"dateModified\":\"2024-09-04T11:05:40+00:00\",\"description\":\"Tree Elements savr\u0161ena je turisti\u010dka destinacija za va\u0161 sljede\u0107i odmor. Upoznajte se s regenerativnim turizmom i sudjelujte u o\u010duvanju okoli\u0161a.\",\"breadcrumb\":{\"@id\":\"https:\/\/tree-elements.com\/hr\/regenerativni-turizam\/#breadcrumb\"},\"inLanguage\":\"hr\",\"potentialAction\":[{\"@type\":\"ReadAction\",\"target\":[\"https:\/\/tree-elements.com\/hr\/regenerativni-turizam\/\"]}]},{\"@type\":\"ImageObject\",\"inLanguage\":\"hr\",\"@id\":\"https:\/\/tree-elements.com\/hr\/regenerativni-turizam\/#primaryimage\",\"url\":\"https:\/\/tree-elements.com\/wp-content\/uploads\/2024\/03\/Hero-image-1.jpg\",\"contentUrl\":\"https:\/\/tree-elements.com\/wp-content\/uploads\/2024\/03\/Hero-image-1.jpg\",\"width\":1920,\"height\":552},{\"@type\":\"BreadcrumbList\",\"@id\":\"https:\/\/tree-elements.com\/hr\/regenerativni-turizam\/#breadcrumb\",\"itemListElement\":[{\"@type\":\"ListItem\",\"position\":1,\"name\":\"Home\",\"item\":\"https:\/\/tree-elements.com\/hr\/\"},{\"@type\":\"ListItem\",\"position\":2,\"name\":\"Regenerativni turizam\"}]},{\"@type\":\"WebSite\",\"@id\":\"https:\/\/tree-elements.com\/#website\",\"url\":\"https:\/\/tree-elements.com\/\",\"name\":\"Tree Elements\",\"description\":\"\",\"publisher\":{\"@id\":\"https:\/\/tree-elements.com\/#organization\"},\"potentialAction\":[{\"@type\":\"SearchAction\",\"target\":{\"@type\":\"EntryPoint\",\"urlTemplate\":\"https:\/\/tree-elements.com\/?s={search_term_string}\"},\"query-input\":{\"@type\":\"PropertyValueSpecification\",\"valueRequired\":true,\"valueName\":\"search_term_string\"}}],\"inLanguage\":\"hr\"},{\"@type\":\"Organization\",\"@id\":\"https:\/\/tree-elements.com\/#organization\",\"name\":\"Tree Elements\",\"url\":\"https:\/\/tree-elements.com\/\",\"logo\":{\"@type\":\"ImageObject\",\"inLanguage\":\"hr\",\"@id\":\"https:\/\/tree-elements.com\/#\/schema\/logo\/image\/\",\"url\":\"https:\/\/tree-elements.com\/wp-content\/uploads\/2024\/03\/tree-elements-favicon.png\",\"contentUrl\":\"https:\/\/tree-elements.com\/wp-content\/uploads\/2024\/03\/tree-elements-favicon.png\",\"width\":64,\"height\":64,\"caption\":\"Tree Elements\"},\"image\":{\"@id\":\"https:\/\/tree-elements.com\/#\/schema\/logo\/image\/\"},\"sameAs\":[\"https:\/\/www.facebook.com\/treelements\",\"https:\/\/www.instagram.com\/tree.elements\/?hl=hr\"]}]}<\/script>\n<!-- \/ Yoast SEO plugin. -->","yoast_head_json":{"title":"Regenerativni turizam - Tree Elements","description":"Tree Elements savr\u0161ena je turisti\u010dka destinacija za va\u0161 sljede\u0107i odmor. Upoznajte se s regenerativnim turizmom i sudjelujte u o\u010duvanju okoli\u0161a.","robots":{"index":"index","follow":"follow","max-snippet":"max-snippet:-1","max-image-preview":"max-image-preview:large","max-video-preview":"max-video-preview:-1"},"canonical":"https:\/\/tree-elements.com\/hr\/regenerativni-turizam\/","og_locale":"hr_HR","og_type":"article","og_title":"Regenerativni turizam - Tree Elements","og_description":"Tree Elements savr\u0161ena je turisti\u010dka destinacija za va\u0161 sljede\u0107i odmor. Upoznajte se s regenerativnim turizmom i sudjelujte u o\u010duvanju okoli\u0161a.","og_url":"https:\/\/tree-elements.com\/hr\/regenerativni-turizam\/","og_site_name":"Tree Elements","article_publisher":"https:\/\/www.facebook.com\/treelements","article_modified_time":"2024-09-04T11:05:40+00:00","og_image":[{"width":1920,"height":552,"url":"https:\/\/tree-elements.com\/wp-content\/uploads\/2024\/03\/Hero-image-1.jpg","type":"image\/jpeg"}],"twitter_card":"summary_large_image","twitter_misc":{"Procijenjeno vrijeme \u010ditanja":"1 minuta"},"schema":{"@context":"https:\/\/schema.org","@graph":[{"@type":"WebPage","@id":"https:\/\/tree-elements.com\/hr\/regenerativni-turizam\/","url":"https:\/\/tree-elements.com\/hr\/regenerativni-turizam\/","name":"Regenerativni turizam - Tree Elements","isPartOf":{"@id":"https:\/\/tree-elements.com\/#website"},"primaryImageOfPage":{"@id":"https:\/\/tree-elements.com\/hr\/regenerativni-turizam\/#primaryimage"},"image":{"@id":"https:\/\/tree-elements.com\/hr\/regenerativni-turizam\/#primaryimage"},"thumbnailUrl":"https:\/\/tree-elements.com\/wp-content\/uploads\/2024\/03\/Hero-image-1.jpg","datePublished":"2024-03-07T13:28:34+00:00","dateModified":"2024-09-04T11:05:40+00:00","description":"Tree Elements savr\u0161ena je turisti\u010dka destinacija za va\u0161 sljede\u0107i odmor. Upoznajte se s regenerativnim turizmom i sudjelujte u o\u010duvanju okoli\u0161a.","breadcrumb":{"@id":"https:\/\/tree-elements.com\/hr\/regenerativni-turizam\/#breadcrumb"},"inLanguage":"hr","potentialAction":[{"@type":"ReadAction","target":["https:\/\/tree-elements.com\/hr\/regenerativni-turizam\/"]}]},{"@type":"ImageObject","inLanguage":"hr","@id":"https:\/\/tree-elements.com\/hr\/regenerativni-turizam\/#primaryimage","url":"https:\/\/tree-elements.com\/wp-content\/uploads\/2024\/03\/Hero-image-1.jpg","contentUrl":"https:\/\/tree-elements.com\/wp-content\/uploads\/2024\/03\/Hero-image-1.jpg","width":1920,"height":552},{"@type":"BreadcrumbList","@id":"https:\/\/tree-elements.com\/hr\/regenerativni-turizam\/#breadcrumb","itemListElement":[{"@type":"ListItem","position":1,"name":"Home","item":"https:\/\/tree-elements.com\/hr\/"},{"@type":"ListItem","position":2,"name":"Regenerativni turizam"}]},{"@type":"WebSite","@id":"https:\/\/tree-elements.com\/#website","url":"https:\/\/tree-elements.com\/","name":"Tree Elements","description":"","publisher":{"@id":"https:\/\/tree-elements.com\/#organization"},"potentialAction":[{"@type":"SearchAction","target":{"@type":"EntryPoint","urlTemplate":"https:\/\/tree-elements.com\/?s={search_term_string}"},"query-input":{"@type":"PropertyValueSpecification","valueRequired":true,"valueName":"search_term_string"}}],"inLanguage":"hr"},{"@type":"Organization","@id":"https:\/\/tree-elements.com\/#organization","name":"Tree Elements","url":"https:\/\/tree-elements.com\/","logo":{"@type":"ImageObject","inLanguage":"hr","@id":"https:\/\/tree-elements.com\/#\/schema\/logo\/image\/","url":"https:\/\/tree-elements.com\/wp-content\/uploads\/2024\/03\/tree-elements-favicon.png","contentUrl":"https:\/\/tree-elements.com\/wp-content\/uploads\/2024\/03\/tree-elements-favicon.png","width":64,"height":64,"caption":"Tree Elements"},"image":{"@id":"https:\/\/tree-elements.com\/#\/schema\/logo\/image\/"},"sameAs":["https:\/\/www.facebook.com\/treelements","https:\/\/www.instagram.com\/tree.elements\/?hl=hr"]}]}},"_links":{"self":[{"href":"https:\/\/tree-elements.com\/hr\/wp-json\/wp\/v2\/pages\/539","targetHints":{"allow":["GET"]}}],"collection":[{"href":"https:\/\/tree-elements.com\/hr\/wp-json\/wp\/v2\/pages"}],"about":[{"href":"https:\/\/tree-elements.com\/hr\/wp-json\/wp\/v2\/types\/page"}],"author":[{"embeddable":true,"href":"https:\/\/tree-elements.com\/hr\/wp-json\/wp\/v2\/users\/1"}],"replies":[{"embeddable":true,"href":"https:\/\/tree-elements.com\/hr\/wp-json\/wp\/v2\/comments?post=539"}],"version-history":[{"count":5,"href":"https:\/\/tree-elements.com\/hr\/wp-json\/wp\/v2\/pages\/539\/revisions"}],"predecessor-version":[{"id":1056,"href":"https:\/\/tree-elements.com\/hr\/wp-json\/wp\/v2\/pages\/539\/revisions\/1056"}],"wp:featuredmedia":[{"embeddable":true,"href":"https:\/\/tree-elements.com\/hr\/wp-json\/wp\/v2\/media\/450"}],"wp:attachment":[{"href":"https:\/\/tree-elements.com\/hr\/wp-json\/wp\/v2\/media?parent=539"}],"curies":[{"name":"wp","href":"https:\/\/api.w.org\/{rel}","templated":true}]}}